{"id":55,"date":"2024-11-26T11:38:55","date_gmt":"2024-11-26T11:38:55","guid":{"rendered":"https:\/\/www.psimarcooliveira.com\/?page_id=55"},"modified":"2025-06-30T14:53:04","modified_gmt":"2025-06-30T14:53:04","slug":"psicologo-brasileiro-em-portugal","status":"publish","type":"page","link":"https:\/\/www.psimarcooliveira.com\/?page_id=55","title":{"rendered":"Sobre Mim"},"content":{"rendered":"\n<p class=\"has-medium-font-size\"><img loading=\"lazy\" decoding=\"async\" width=\"150\" height=\"150\" class=\"wp-image-260\" style=\"width: 150px;\" src=\"https:\/\/www.psimarcooliveira.com\/wp-content\/uploads\/2025\/06\/MCO.jpg\" alt=\"\" srcset=\"https:\/\/www.psimarcooliveira.com\/wp-content\/uploads\/2025\/06\/MCO.jpg 400w, https:\/\/www.psimarcooliveira.com\/wp-content\/uploads\/2025\/06\/MCO-300x300.jpg 300w, https:\/\/www.psimarcooliveira.com\/wp-content\/uploads\/2025\/06\/MCO-150x150.jpg 150w\" sizes=\"auto, (max-width: 150px) 100vw, 150px\" \/><\/p>\n\n\n\n<p class=\"has-medium-font-size\">Sou <strong>psic\u00f3logo brasileiro em Lisboa<\/strong> licenciado em Psicologia Cl\u00ednica e da Sa\u00fade (Universidade Aut\u00f3noma de Lisboa) na abordagem centrada na pessoa, mestrado em Psicologia Cl\u00ednica e da Sa\u00fade (Universidade Lus\u00f3fona de Lisboa) na abordagem Terapia Cognitivo-Comportamental (TCC), especializa\u00e7\u00e3o em  Terapia de Casal e Familiar (CRIAP) na abordagem Sist\u00e9mica,  Professional Coach Certification (SLAC), MBA em Gest\u00e3o Empresarial (FIA\/ USP), Econ\u00f4mica (PUC\/SP). Uma fus\u00e3o de experi\u00eancias que permite oferecer um olhar pr\u00e1tico e transformador para quem busca mudan\u00e7as significativas em sua vida e o dom\u00ednio destas t\u00e9cnicas s\u00e3o utilizadas em fun\u00e7\u00e3o da necessidade individual de cada cliente.<\/p>\n\n\n\n<p class=\"has-medium-font-size\">Acredito que cada pessoa carrega uma riqueza singular, e meu papel \u00e9 caminhar ao seu lado, com empatia, respeito e um compromisso genu\u00edno em ajud\u00e1-lo(a) a encontrar suas pr\u00f3prias respostas. <\/p>\n\n\n\n<h2 class=\"wp-block-heading\">\u00c1reas de Interven\u00e7\u00e3o<\/h2>\n\n\n\n<p class=\"has-medium-font-size\">Trabalho com programas de interven\u00e7\u00e3o terap\u00eautica adequados e integrados a cada caso espec\u00edfico, por forma a potenciar o reencontro do bem-estar ps\u00edquico e desenvolvimento pessoal. Pautado por c\u00f3digo de \u00e9tica que preserva a confidencialidade e respeito da autonomia individual de cada paciente.<\/p>\n\n\n\n<ul class=\"wp-block-list\">\n<li class=\"has-medium-font-size\">Perturba\u00e7\u00f5es de Ansiedade e P\u00e2nico<\/li>\n\n\n\n<li class=\"has-medium-font-size\">Fobias<\/li>\n\n\n\n<li class=\"has-medium-font-size\">Perturba\u00e7\u00f5es de Stress p\u00f3s-traum\u00e1tico<\/li>\n\n\n\n<li class=\"has-medium-font-size\">Depress\u00e3o e Perturba\u00e7\u00f5es do Humor<\/li>\n\n\n\n<li class=\"has-medium-font-size\">Perturba\u00e7\u00e3o Obsessivo-Compulsiva (POC)<\/li>\n\n\n\n<li class=\"has-medium-font-size\">Ins\u00f3nia<\/li>\n\n\n\n<li class=\"has-medium-font-size\">Stress e Burnout<\/li>\n\n\n\n<li class=\"has-medium-font-size\">Perturba\u00e7\u00f5es Alimentares: Obesidade, Anorexia, Bulimia<\/li>\n\n\n\n<li class=\"has-medium-font-size\">Perturba\u00e7\u00f5es Som\u00e1ticas<\/li>\n\n\n\n<li class=\"has-medium-font-size\">Perturba\u00e7\u00f5es de Personalidade<\/li>\n\n\n\n<li class=\"has-medium-font-size\">Luto e Trauma<\/li>\n\n\n\n<li class=\"has-medium-font-size\">Rela\u00e7\u00f5es conjugais e familiares<\/li>\n\n\n\n<li class=\"has-medium-font-size\">Problemas sexuais<\/li>\n\n\n\n<li class=\"has-medium-font-size\">Dificuldades relacionadas com produtividade<\/li>\n\n\n\n<li class=\"has-medium-font-size\">Pensamentos ruminativos e persistentes<\/li>\n\n\n\n<li class=\"has-medium-font-size\">Autoestima e Inseguran\u00e7as<\/li>\n\n\n\n<li class=\"has-medium-font-size\">Lidar com mudan\u00e7as de vida<\/li>\n\n\n\n<li class=\"has-medium-font-size\">Autoconhecimento e Desenvolvimento Pessoal<\/li>\n\n\n\n<li class=\"has-medium-font-size\">Terapia de Casal<\/li>\n<\/ul>\n\n\n\n<hr class=\"wp-block-separator has-alpha-channel-opacity\"\/>\n\n\n\n<div class=\"wp-block-jetpack-send-a-message\">\n<div class=\"wp-block-jetpack-whatsapp-button is-color-dark\"><a class=\"whatsapp-block__button\" href=\"https:\/\/api.whatsapp.com\/send?phone=&amp;text=Oi%2C%20encontrei%20suas%20informa%C3%A7%C3%B5es%20do%20WhatsApp%20no%20seu%20site.\" style=\"background-color:#25D366;color:#fff\" target=\"_self\" rel=\"noopener noreferrer\">Conversar no WhatsApp<\/a><\/div>\n<\/div>\n\n\n\n<p class=\"has-medium-font-size\"><a href=\"https:\/\/www.psimarcooliveira.com\/?page_id=56\">Marque uma consulta<\/a><\/p>\n\n\n\n<p><\/p>\n","protected":false},"excerpt":{"rendered":"<p>Sou psic\u00f3logo brasileiro em Lisboa licenciado em Psicologia Cl\u00ednica e da Sa\u00fade (Universidade Aut\u00f3noma de Lisboa) na abordagem centrada na pessoa, mestrado em Psicologia Cl\u00ednica e da Sa\u00fade (Universidade Lus\u00f3fona de Lisboa) na abordagem Terapia Cognitivo-Comportamental (TCC), especializa\u00e7\u00e3o em Terapia de Casal e Familiar (CRIAP) na abordagem Sist\u00e9mica, Professional Coach Certification (SLAC), MBA em Gest\u00e3o&#8230;<\/p>\n<p class=\"more-link\"><a href=\"https:\/\/www.psimarcooliveira.com\/?page_id=55\"><span>Read More<\/span><i>&#43;<\/i><\/a><\/p>\n","protected":false},"author":1,"featured_media":0,"parent":0,"menu_order":0,"comment_status":"closed","ping_status":"closed","template":"","meta":{"_monsterinsights_skip_tracking":false,"_monsterinsights_sitenote_active":false,"_monsterinsights_sitenote_note":"","_monsterinsights_sitenote_category":0,"footnotes":""},"class_list":["post-55","page","type-page","status-publish","hentry"],"yoast_head":"<!-- This site is optimized with the Yoast SEO plugin v27.6 - https:\/\/yoast.com\/product\/yoast-seo-wordpress\/ -->\n<title>Sobre Mim - Marco Oliveira<\/title>\n<meta name=\"description\" content=\"Psic\u00f3logo brasileiro em Lisboa. Atendimento On-Line e presencial (Lisboa e Cascais). Abordagem Cognitiva Comportamental e Sist\u00e9mica\" \/>\n<meta name=\"robots\" content=\"index, follow, max-snippet:-1, max-image-preview:large, max-video-preview:-1\" \/>\n<link rel=\"canonical\" href=\"https:\/\/www.psimarcooliveira.com\/?page_id=55\" \/>\n<meta property=\"og:locale\" content=\"pt_BR\" \/>\n<meta property=\"og:type\" content=\"article\" \/>\n<meta property=\"og:title\" content=\"Sobre Mim - Marco Oliveira\" \/>\n<meta property=\"og:description\" content=\"Psic\u00f3logo brasileiro em Lisboa. Atendimento On-Line e presencial (Lisboa e Cascais). Abordagem Cognitiva Comportamental e Sist\u00e9mica\" \/>\n<meta property=\"og:url\" content=\"https:\/\/www.psimarcooliveira.com\/?page_id=55\" \/>\n<meta property=\"og:site_name\" content=\"Marco Oliveira\" \/>\n<meta property=\"article:modified_time\" content=\"2025-06-30T14:53:04+00:00\" \/>\n<meta property=\"og:image\" content=\"https:\/\/www.psimarcooliveira.com\/wp-content\/uploads\/2025\/06\/MCO.jpg\" \/>\n\t<meta property=\"og:image:width\" content=\"400\" \/>\n\t<meta property=\"og:image:height\" content=\"400\" \/>\n\t<meta property=\"og:image:type\" content=\"image\/jpeg\" \/>\n<meta name=\"twitter:card\" content=\"summary_large_image\" \/>\n<meta name=\"twitter:label1\" content=\"Est. tempo de leitura\" \/>\n\t<meta name=\"twitter:data1\" content=\"2 minutos\" \/>\n<script type=\"application\/ld+json\" class=\"yoast-schema-graph\">{\"@context\":\"https:\\\/\\\/schema.org\",\"@graph\":[{\"@type\":\"WebPage\",\"@id\":\"https:\\\/\\\/www.psimarcooliveira.com\\\/?page_id=55\",\"url\":\"https:\\\/\\\/www.psimarcooliveira.com\\\/?page_id=55\",\"name\":\"Sobre Mim - Marco Oliveira\",\"isPartOf\":{\"@id\":\"https:\\\/\\\/www.psimarcooliveira.com\\\/#website\"},\"primaryImageOfPage\":{\"@id\":\"https:\\\/\\\/www.psimarcooliveira.com\\\/?page_id=55#primaryimage\"},\"image\":{\"@id\":\"https:\\\/\\\/www.psimarcooliveira.com\\\/?page_id=55#primaryimage\"},\"thumbnailUrl\":\"https:\\\/\\\/www.psimarcooliveira.com\\\/wp-content\\\/uploads\\\/2025\\\/06\\\/MCO.jpg\",\"datePublished\":\"2024-11-26T11:38:55+00:00\",\"dateModified\":\"2025-06-30T14:53:04+00:00\",\"description\":\"Psic\u00f3logo brasileiro em Lisboa. Atendimento On-Line e presencial (Lisboa e Cascais). Abordagem Cognitiva Comportamental e Sist\u00e9mica\",\"breadcrumb\":{\"@id\":\"https:\\\/\\\/www.psimarcooliveira.com\\\/?page_id=55#breadcrumb\"},\"inLanguage\":\"pt-BR\",\"potentialAction\":[{\"@type\":\"ReadAction\",\"target\":[\"https:\\\/\\\/www.psimarcooliveira.com\\\/?page_id=55\"]}]},{\"@type\":\"ImageObject\",\"inLanguage\":\"pt-BR\",\"@id\":\"https:\\\/\\\/www.psimarcooliveira.com\\\/?page_id=55#primaryimage\",\"url\":\"https:\\\/\\\/www.psimarcooliveira.com\\\/wp-content\\\/uploads\\\/2025\\\/06\\\/MCO.jpg\",\"contentUrl\":\"https:\\\/\\\/www.psimarcooliveira.com\\\/wp-content\\\/uploads\\\/2025\\\/06\\\/MCO.jpg\",\"width\":400,\"height\":400},{\"@type\":\"BreadcrumbList\",\"@id\":\"https:\\\/\\\/www.psimarcooliveira.com\\\/?page_id=55#breadcrumb\",\"itemListElement\":[{\"@type\":\"ListItem\",\"position\":1,\"name\":\"In\u00edcio\",\"item\":\"https:\\\/\\\/www.psimarcooliveira.com\\\/\"},{\"@type\":\"ListItem\",\"position\":2,\"name\":\"Sobre Mim\"}]},{\"@type\":\"WebSite\",\"@id\":\"https:\\\/\\\/www.psimarcooliveira.com\\\/#website\",\"url\":\"https:\\\/\\\/www.psimarcooliveira.com\\\/\",\"name\":\"Marco Oliveira\",\"description\":\"Psic\u00f3logo Cl\u00ednico\",\"publisher\":{\"@id\":\"https:\\\/\\\/www.psimarcooliveira.com\\\/#organization\"},\"potentialAction\":[{\"@type\":\"SearchAction\",\"target\":{\"@type\":\"EntryPoint\",\"urlTemplate\":\"https:\\\/\\\/www.psimarcooliveira.com\\\/?s={search_term_string}\"},\"query-input\":{\"@type\":\"PropertyValueSpecification\",\"valueRequired\":true,\"valueName\":\"search_term_string\"}}],\"inLanguage\":\"pt-BR\"},{\"@type\":\"Organization\",\"@id\":\"https:\\\/\\\/www.psimarcooliveira.com\\\/#organization\",\"name\":\"Marco Oliveira\",\"url\":\"https:\\\/\\\/www.psimarcooliveira.com\\\/\",\"logo\":{\"@type\":\"ImageObject\",\"inLanguage\":\"pt-BR\",\"@id\":\"https:\\\/\\\/www.psimarcooliveira.com\\\/#\\\/schema\\\/logo\\\/image\\\/\",\"url\":\"https:\\\/\\\/www.psimarcooliveira.com\\\/wp-content\\\/uploads\\\/2024\\\/11\\\/cropped-cropped-Marco-Oliveira-logo-6.png\",\"contentUrl\":\"https:\\\/\\\/www.psimarcooliveira.com\\\/wp-content\\\/uploads\\\/2024\\\/11\\\/cropped-cropped-Marco-Oliveira-logo-6.png\",\"width\":349,\"height\":233,\"caption\":\"Marco Oliveira\"},\"image\":{\"@id\":\"https:\\\/\\\/www.psimarcooliveira.com\\\/#\\\/schema\\\/logo\\\/image\\\/\"}}]}<\/script>\n<!-- \/ Yoast SEO plugin. -->","yoast_head_json":{"title":"Sobre Mim - Marco Oliveira","description":"Psic\u00f3logo brasileiro em Lisboa. Atendimento On-Line e presencial (Lisboa e Cascais). Abordagem Cognitiva Comportamental e Sist\u00e9mica","robots":{"index":"index","follow":"follow","max-snippet":"max-snippet:-1","max-image-preview":"max-image-preview:large","max-video-preview":"max-video-preview:-1"},"canonical":"https:\/\/www.psimarcooliveira.com\/?page_id=55","og_locale":"pt_BR","og_type":"article","og_title":"Sobre Mim - Marco Oliveira","og_description":"Psic\u00f3logo brasileiro em Lisboa. Atendimento On-Line e presencial (Lisboa e Cascais). Abordagem Cognitiva Comportamental e Sist\u00e9mica","og_url":"https:\/\/www.psimarcooliveira.com\/?page_id=55","og_site_name":"Marco Oliveira","article_modified_time":"2025-06-30T14:53:04+00:00","og_image":[{"width":400,"height":400,"url":"https:\/\/www.psimarcooliveira.com\/wp-content\/uploads\/2025\/06\/MCO.jpg","type":"image\/jpeg"}],"twitter_card":"summary_large_image","twitter_misc":{"Est. tempo de leitura":"2 minutos"},"schema":{"@context":"https:\/\/schema.org","@graph":[{"@type":"WebPage","@id":"https:\/\/www.psimarcooliveira.com\/?page_id=55","url":"https:\/\/www.psimarcooliveira.com\/?page_id=55","name":"Sobre Mim - Marco Oliveira","isPartOf":{"@id":"https:\/\/www.psimarcooliveira.com\/#website"},"primaryImageOfPage":{"@id":"https:\/\/www.psimarcooliveira.com\/?page_id=55#primaryimage"},"image":{"@id":"https:\/\/www.psimarcooliveira.com\/?page_id=55#primaryimage"},"thumbnailUrl":"https:\/\/www.psimarcooliveira.com\/wp-content\/uploads\/2025\/06\/MCO.jpg","datePublished":"2024-11-26T11:38:55+00:00","dateModified":"2025-06-30T14:53:04+00:00","description":"Psic\u00f3logo brasileiro em Lisboa. Atendimento On-Line e presencial (Lisboa e Cascais). Abordagem Cognitiva Comportamental e Sist\u00e9mica","breadcrumb":{"@id":"https:\/\/www.psimarcooliveira.com\/?page_id=55#breadcrumb"},"inLanguage":"pt-BR","potentialAction":[{"@type":"ReadAction","target":["https:\/\/www.psimarcooliveira.com\/?page_id=55"]}]},{"@type":"ImageObject","inLanguage":"pt-BR","@id":"https:\/\/www.psimarcooliveira.com\/?page_id=55#primaryimage","url":"https:\/\/www.psimarcooliveira.com\/wp-content\/uploads\/2025\/06\/MCO.jpg","contentUrl":"https:\/\/www.psimarcooliveira.com\/wp-content\/uploads\/2025\/06\/MCO.jpg","width":400,"height":400},{"@type":"BreadcrumbList","@id":"https:\/\/www.psimarcooliveira.com\/?page_id=55#breadcrumb","itemListElement":[{"@type":"ListItem","position":1,"name":"In\u00edcio","item":"https:\/\/www.psimarcooliveira.com\/"},{"@type":"ListItem","position":2,"name":"Sobre Mim"}]},{"@type":"WebSite","@id":"https:\/\/www.psimarcooliveira.com\/#website","url":"https:\/\/www.psimarcooliveira.com\/","name":"Marco Oliveira","description":"Psic\u00f3logo Cl\u00ednico","publisher":{"@id":"https:\/\/www.psimarcooliveira.com\/#organization"},"potentialAction":[{"@type":"SearchAction","target":{"@type":"EntryPoint","urlTemplate":"https:\/\/www.psimarcooliveira.com\/?s={search_term_string}"},"query-input":{"@type":"PropertyValueSpecification","valueRequired":true,"valueName":"search_term_string"}}],"inLanguage":"pt-BR"},{"@type":"Organization","@id":"https:\/\/www.psimarcooliveira.com\/#organization","name":"Marco Oliveira","url":"https:\/\/www.psimarcooliveira.com\/","logo":{"@type":"ImageObject","inLanguage":"pt-BR","@id":"https:\/\/www.psimarcooliveira.com\/#\/schema\/logo\/image\/","url":"https:\/\/www.psimarcooliveira.com\/wp-content\/uploads\/2024\/11\/cropped-cropped-Marco-Oliveira-logo-6.png","contentUrl":"https:\/\/www.psimarcooliveira.com\/wp-content\/uploads\/2024\/11\/cropped-cropped-Marco-Oliveira-logo-6.png","width":349,"height":233,"caption":"Marco Oliveira"},"image":{"@id":"https:\/\/www.psimarcooliveira.com\/#\/schema\/logo\/image\/"}}]}},"jetpack_sharing_enabled":true,"jetpack-related-posts":[{"id":274,"url":"https:\/\/www.psimarcooliveira.com\/?page_id=274","url_meta":{"origin":55,"position":0},"title":"Terapia de Casal","author":"Marco Oliveira","date":"16\/06\/2025","format":false,"excerpt":"Reconstrua o Amor e a Harmonia na Rela\u00e7\u00e3o Os relacionamentos amorosos s\u00e3o, sem d\u00favida, uma das fontes mais ricas de alegria e crescimento pessoal, mas tamb\u00e9m podem ser desafiadores. Com o tempo, as exig\u00eancias familiares e profissionais, a rotina e um aparente arrefecimento de sentimentos podem gerar um distanciamento, fazendo\u2026","rel":"","context":"Post similar","block_context":{"text":"Post similar","link":""},"img":{"alt_text":"","src":"https:\/\/i0.wp.com\/www.psimarcooliveira.com\/wp-content\/uploads\/2025\/03\/img_1533-1.jpg?resize=350%2C200&ssl=1","width":350,"height":200},"classes":[]},{"id":123,"url":"https:\/\/www.psimarcooliveira.com\/?page_id=123","url_meta":{"origin":55,"position":1},"title":"Psicologia do Adolescente","author":"admin","date":"04\/12\/2024","format":false,"excerpt":"Como funciona a consulta de Psicologia do Adolescente? Primeira Consulta O adolescente pode optar por entrar sozinho na sess\u00e3o, enquanto os pais aguardam e participam apenas no final. Nesta consulta inicial, \u00e9 criada uma conex\u00e3o terap\u00eautica, identificado o problema principal e planeada a avalia\u00e7\u00e3o necess\u00e1ria. Avalia\u00e7\u00e3o A avalia\u00e7\u00e3o aborda o\u2026","rel":"","context":"Post similar","block_context":{"text":"Post similar","link":""},"img":{"alt_text":"","src":"","width":0,"height":0},"classes":[]},{"id":5,"url":"https:\/\/www.psimarcooliveira.com\/","url_meta":{"origin":55,"position":2},"title":"Home","author":"admin","date":"22\/11\/2024","format":false,"excerpt":"MARCO OLIVEIRA - Psicologia Cl\u00ednica COMO POSSO AJUDAR Descubra a mudan\u00e7a que voc\u00ea procura Nem sempre \u00e9 f\u00e1cil entender como chegamos ao momento em que estamos. Os desafios que enfrentamos, seja na vida pessoal, profissional ou nos relacionamentos, muitas vezes parecem mais claros nos seus efeitos do que nas suas\u2026","rel":"","context":"Post similar","block_context":{"text":"Post similar","link":""},"img":{"alt_text":"","src":"","width":0,"height":0},"classes":[]},{"id":157,"url":"https:\/\/www.psimarcooliveira.com\/?page_id=157","url_meta":{"origin":55,"position":3},"title":"Psicologia da Imigra\u00e7\u00e3o","author":"Marco Oliveira","date":"28\/02\/2025","format":false,"excerpt":"Imigra\u00e7\u00e3o e sa\u00fade mental: como identificar e agir Viver fora do pa\u00eds de origem pode ser um sonho \u2014 mas tamb\u00e9m traz desafios emocionais. A sa\u00fade mental na imigra\u00e7\u00e3o \u00e9 um tema cada vez mais falado, e por boas raz\u00f5es. O afastamento da fam\u00edlia, as mudan\u00e7as culturais e a sensa\u00e7\u00e3o\u2026","rel":"","context":"Post similar","block_context":{"text":"Post similar","link":""},"img":{"alt_text":"","src":"","width":0,"height":0},"classes":[]},{"id":114,"url":"https:\/\/www.psimarcooliveira.com\/?page_id=114","url_meta":{"origin":55,"position":4},"title":"Psicologia Cl\u00ednica de Adultos","author":"admin","date":"04\/12\/2024","format":false,"excerpt":"Nem sempre \u00e9 f\u00e1cil entender como chegamos ao momento em que estamos. Os desafios que enfrentamos, seja na vida pessoal, profissional ou nos relacionamentos, muitas vezes parecem mais claros nos seus efeitos do que nas suas causas. Mas \u00e9 exatamente a\u00ed que a psicoterapia pode fazer toda a diferen\u00e7a. Na\u2026","rel":"","context":"Post similar","block_context":{"text":"Post similar","link":""},"img":{"alt_text":"","src":"https:\/\/i0.wp.com\/www.psimarcooliveira.com\/wp-content\/uploads\/2025\/06\/Psicologia-para-adultos.jpeg?resize=350%2C200&ssl=1","width":350,"height":200},"classes":[]},{"id":121,"url":"https:\/\/www.psimarcooliveira.com\/?page_id=121","url_meta":{"origin":55,"position":5},"title":"Terapia do Adolescentes","author":"admin","date":"04\/12\/2024","format":false,"excerpt":"Na terapia para adolescentes, voc\u00ea encontra um espa\u00e7o seguro e acolhedor, longe das press\u00f5es do dia a dia, onde pode falar abertamente sobre o que sente e pensa. Ao mesmo tempo, seus pais podem ficar tranquilos, sabendo que voc\u00ea est\u00e1 recebendo apoio profissional e n\u00e3o est\u00e1 enfrentando os desafios sozinho(a),\u2026","rel":"","context":"Post similar","block_context":{"text":"Post similar","link":""},"img":{"alt_text":"","src":"","width":0,"height":0},"classes":[]}],"_links":{"self":[{"href":"https:\/\/www.psimarcooliveira.com\/index.php?rest_route=\/wp\/v2\/pages\/55","targetHints":{"allow":["GET"]}}],"collection":[{"href":"https:\/\/www.psimarcooliveira.com\/index.php?rest_route=\/wp\/v2\/pages"}],"about":[{"href":"https:\/\/www.psimarcooliveira.com\/index.php?rest_route=\/wp\/v2\/types\/page"}],"author":[{"embeddable":true,"href":"https:\/\/www.psimarcooliveira.com\/index.php?rest_route=\/wp\/v2\/users\/1"}],"replies":[{"embeddable":true,"href":"https:\/\/www.psimarcooliveira.com\/index.php?rest_route=%2Fwp%2Fv2%2Fcomments&post=55"}],"version-history":[{"count":17,"href":"https:\/\/www.psimarcooliveira.com\/index.php?rest_route=\/wp\/v2\/pages\/55\/revisions"}],"predecessor-version":[{"id":338,"href":"https:\/\/www.psimarcooliveira.com\/index.php?rest_route=\/wp\/v2\/pages\/55\/revisions\/338"}],"wp:attachment":[{"href":"https:\/\/www.psimarcooliveira.com\/index.php?rest_route=%2Fwp%2Fv2%2Fmedia&parent=55"}],"curies":[{"name":"wp","href":"https:\/\/api.w.org\/{rel}","templated":true}]}}