{"id":53,"date":"2024-11-26T11:38:55","date_gmt":"2024-11-26T11:38:55","guid":{"rendered":"https:\/\/www.psimarcooliveira.com\/?page_id=53"},"modified":"2025-06-16T10:58:32","modified_gmt":"2025-06-16T10:58:32","slug":"servicos","status":"publish","type":"page","link":"https:\/\/www.psimarcooliveira.com\/?page_id=53","title":{"rendered":"Nossos Servi\u00e7os"},"content":{"rendered":"\n<p class=\"has-vivid-cyan-blue-color has-text-color has-link-color has-medium-font-size wp-elements-2be010d8b3a344187400702af12cd9d6\"><strong><a href=\"https:\/\/www.psimarcooliveira.com\/?page_id=114\">Adultos<\/a><\/strong><\/p>\n\n\n\n<p class=\"has-vivid-cyan-blue-color has-text-color has-link-color has-medium-font-size wp-elements-cd6c7ba869f90ad9a9896b1b697a3a29\"><a href=\"https:\/\/www.psimarcooliveira.com\/?page_id=121\"><strong>Adolescentes<\/strong><\/a><\/p>\n\n\n\n<p class=\"has-medium-font-size\"><a href=\"https:\/\/www.psimarcooliveira.com\/?page_id=157\">Psicologia da Imigra\u00e7\u00e3o<\/a><\/p>\n\n\n\n<p class=\"has-medium-font-size\"><a href=\"https:\/\/www.psimarcooliveira.com\/?page_id=274\" target=\"_blank\" rel=\"noreferrer noopener\">Terapia de <strong>Casal<\/strong><\/a><\/p>\n\n\n\n<p class=\"has-medium-font-size\"><strong>Familia<\/strong><\/p>\n\n\n\n<p class=\"has-vivid-cyan-blue-color has-text-color has-link-color has-medium-font-size wp-elements-e1369bec69d4fabc0964f7b3043a8275\"><strong>Coaching<\/strong><\/p>\n\n\n\n<p><\/p>\n","protected":false},"excerpt":{"rendered":"<p>Adultos Adolescentes Psicologia da Imigra\u00e7\u00e3o Terapia de Casal Familia Coaching<\/p>\n","protected":false},"author":1,"featured_media":0,"parent":0,"menu_order":0,"comment_status":"closed","ping_status":"closed","template":"","meta":{"_monsterinsights_skip_tracking":false,"_monsterinsights_sitenote_active":false,"_monsterinsights_sitenote_note":"","_monsterinsights_sitenote_category":0,"footnotes":""},"class_list":["post-53","page","type-page","status-publish","hentry"],"yoast_head":"<!-- This site is optimized with the Yoast SEO plugin v27.6 - https:\/\/yoast.com\/product\/yoast-seo-wordpress\/ -->\n<title>Nossos Servi\u00e7os - Marco Oliveira<\/title>\n<meta name=\"robots\" content=\"index, follow, max-snippet:-1, max-image-preview:large, max-video-preview:-1\" \/>\n<link rel=\"canonical\" href=\"https:\/\/www.psimarcooliveira.com\/?page_id=53\" \/>\n<meta property=\"og:locale\" content=\"pt_BR\" \/>\n<meta property=\"og:type\" content=\"article\" \/>\n<meta property=\"og:title\" content=\"Nossos Servi\u00e7os - Marco Oliveira\" \/>\n<meta property=\"og:description\" content=\"Adultos Adolescentes Psicologia da Imigra\u00e7\u00e3o Terapia de Casal Familia Coaching\" \/>\n<meta property=\"og:url\" content=\"https:\/\/www.psimarcooliveira.com\/?page_id=53\" \/>\n<meta property=\"og:site_name\" content=\"Marco Oliveira\" \/>\n<meta property=\"article:modified_time\" content=\"2025-06-16T10:58:32+00:00\" \/>\n<meta name=\"twitter:card\" content=\"summary_large_image\" \/>\n<meta name=\"twitter:label1\" content=\"Est. tempo de leitura\" \/>\n\t<meta name=\"twitter:data1\" content=\"1 minuto\" \/>\n<script type=\"application\/ld+json\" class=\"yoast-schema-graph\">{\"@context\":\"https:\\\/\\\/schema.org\",\"@graph\":[{\"@type\":\"WebPage\",\"@id\":\"https:\\\/\\\/www.psimarcooliveira.com\\\/?page_id=53\",\"url\":\"https:\\\/\\\/www.psimarcooliveira.com\\\/?page_id=53\",\"name\":\"Nossos Servi\u00e7os - Marco Oliveira\",\"isPartOf\":{\"@id\":\"https:\\\/\\\/www.psimarcooliveira.com\\\/#website\"},\"datePublished\":\"2024-11-26T11:38:55+00:00\",\"dateModified\":\"2025-06-16T10:58:32+00:00\",\"breadcrumb\":{\"@id\":\"https:\\\/\\\/www.psimarcooliveira.com\\\/?page_id=53#breadcrumb\"},\"inLanguage\":\"pt-BR\",\"potentialAction\":[{\"@type\":\"ReadAction\",\"target\":[\"https:\\\/\\\/www.psimarcooliveira.com\\\/?page_id=53\"]}]},{\"@type\":\"BreadcrumbList\",\"@id\":\"https:\\\/\\\/www.psimarcooliveira.com\\\/?page_id=53#breadcrumb\",\"itemListElement\":[{\"@type\":\"ListItem\",\"position\":1,\"name\":\"In\u00edcio\",\"item\":\"https:\\\/\\\/www.psimarcooliveira.com\\\/\"},{\"@type\":\"ListItem\",\"position\":2,\"name\":\"Nossos Servi\u00e7os\"}]},{\"@type\":\"WebSite\",\"@id\":\"https:\\\/\\\/www.psimarcooliveira.com\\\/#website\",\"url\":\"https:\\\/\\\/www.psimarcooliveira.com\\\/\",\"name\":\"Marco Oliveira\",\"description\":\"Psic\u00f3logo Cl\u00ednico\",\"publisher\":{\"@id\":\"https:\\\/\\\/www.psimarcooliveira.com\\\/#organization\"},\"potentialAction\":[{\"@type\":\"SearchAction\",\"target\":{\"@type\":\"EntryPoint\",\"urlTemplate\":\"https:\\\/\\\/www.psimarcooliveira.com\\\/?s={search_term_string}\"},\"query-input\":{\"@type\":\"PropertyValueSpecification\",\"valueRequired\":true,\"valueName\":\"search_term_string\"}}],\"inLanguage\":\"pt-BR\"},{\"@type\":\"Organization\",\"@id\":\"https:\\\/\\\/www.psimarcooliveira.com\\\/#organization\",\"name\":\"Marco Oliveira\",\"url\":\"https:\\\/\\\/www.psimarcooliveira.com\\\/\",\"logo\":{\"@type\":\"ImageObject\",\"inLanguage\":\"pt-BR\",\"@id\":\"https:\\\/\\\/www.psimarcooliveira.com\\\/#\\\/schema\\\/logo\\\/image\\\/\",\"url\":\"https:\\\/\\\/www.psimarcooliveira.com\\\/wp-content\\\/uploads\\\/2024\\\/11\\\/cropped-cropped-Marco-Oliveira-logo-6.png\",\"contentUrl\":\"https:\\\/\\\/www.psimarcooliveira.com\\\/wp-content\\\/uploads\\\/2024\\\/11\\\/cropped-cropped-Marco-Oliveira-logo-6.png\",\"width\":349,\"height\":233,\"caption\":\"Marco Oliveira\"},\"image\":{\"@id\":\"https:\\\/\\\/www.psimarcooliveira.com\\\/#\\\/schema\\\/logo\\\/image\\\/\"}}]}<\/script>\n<!-- \/ Yoast SEO plugin. -->","yoast_head_json":{"title":"Nossos Servi\u00e7os - Marco Oliveira","robots":{"index":"index","follow":"follow","max-snippet":"max-snippet:-1","max-image-preview":"max-image-preview:large","max-video-preview":"max-video-preview:-1"},"canonical":"https:\/\/www.psimarcooliveira.com\/?page_id=53","og_locale":"pt_BR","og_type":"article","og_title":"Nossos Servi\u00e7os - Marco Oliveira","og_description":"Adultos Adolescentes Psicologia da Imigra\u00e7\u00e3o Terapia de Casal Familia Coaching","og_url":"https:\/\/www.psimarcooliveira.com\/?page_id=53","og_site_name":"Marco Oliveira","article_modified_time":"2025-06-16T10:58:32+00:00","twitter_card":"summary_large_image","twitter_misc":{"Est. tempo de leitura":"1 minuto"},"schema":{"@context":"https:\/\/schema.org","@graph":[{"@type":"WebPage","@id":"https:\/\/www.psimarcooliveira.com\/?page_id=53","url":"https:\/\/www.psimarcooliveira.com\/?page_id=53","name":"Nossos Servi\u00e7os - Marco Oliveira","isPartOf":{"@id":"https:\/\/www.psimarcooliveira.com\/#website"},"datePublished":"2024-11-26T11:38:55+00:00","dateModified":"2025-06-16T10:58:32+00:00","breadcrumb":{"@id":"https:\/\/www.psimarcooliveira.com\/?page_id=53#breadcrumb"},"inLanguage":"pt-BR","potentialAction":[{"@type":"ReadAction","target":["https:\/\/www.psimarcooliveira.com\/?page_id=53"]}]},{"@type":"BreadcrumbList","@id":"https:\/\/www.psimarcooliveira.com\/?page_id=53#breadcrumb","itemListElement":[{"@type":"ListItem","position":1,"name":"In\u00edcio","item":"https:\/\/www.psimarcooliveira.com\/"},{"@type":"ListItem","position":2,"name":"Nossos Servi\u00e7os"}]},{"@type":"WebSite","@id":"https:\/\/www.psimarcooliveira.com\/#website","url":"https:\/\/www.psimarcooliveira.com\/","name":"Marco Oliveira","description":"Psic\u00f3logo Cl\u00ednico","publisher":{"@id":"https:\/\/www.psimarcooliveira.com\/#organization"},"potentialAction":[{"@type":"SearchAction","target":{"@type":"EntryPoint","urlTemplate":"https:\/\/www.psimarcooliveira.com\/?s={search_term_string}"},"query-input":{"@type":"PropertyValueSpecification","valueRequired":true,"valueName":"search_term_string"}}],"inLanguage":"pt-BR"},{"@type":"Organization","@id":"https:\/\/www.psimarcooliveira.com\/#organization","name":"Marco Oliveira","url":"https:\/\/www.psimarcooliveira.com\/","logo":{"@type":"ImageObject","inLanguage":"pt-BR","@id":"https:\/\/www.psimarcooliveira.com\/#\/schema\/logo\/image\/","url":"https:\/\/www.psimarcooliveira.com\/wp-content\/uploads\/2024\/11\/cropped-cropped-Marco-Oliveira-logo-6.png","contentUrl":"https:\/\/www.psimarcooliveira.com\/wp-content\/uploads\/2024\/11\/cropped-cropped-Marco-Oliveira-logo-6.png","width":349,"height":233,"caption":"Marco Oliveira"},"image":{"@id":"https:\/\/www.psimarcooliveira.com\/#\/schema\/logo\/image\/"}}]}},"jetpack_sharing_enabled":true,"jetpack-related-posts":[{"id":157,"url":"https:\/\/www.psimarcooliveira.com\/?page_id=157","url_meta":{"origin":53,"position":0},"title":"Psicologia da Imigra\u00e7\u00e3o","author":"Marco Oliveira","date":"28\/02\/2025","format":false,"excerpt":"Imigra\u00e7\u00e3o e sa\u00fade mental: como identificar e agir Viver fora do pa\u00eds de origem pode ser um sonho \u2014 mas tamb\u00e9m traz desafios emocionais. A sa\u00fade mental na imigra\u00e7\u00e3o \u00e9 um tema cada vez mais falado, e por boas raz\u00f5es. O afastamento da fam\u00edlia, as mudan\u00e7as culturais e a sensa\u00e7\u00e3o\u2026","rel":"","context":"Post similar","block_context":{"text":"Post similar","link":""},"img":{"alt_text":"","src":"","width":0,"height":0},"classes":[]},{"id":114,"url":"https:\/\/www.psimarcooliveira.com\/?page_id=114","url_meta":{"origin":53,"position":1},"title":"Psicologia Cl\u00ednica de Adultos","author":"admin","date":"04\/12\/2024","format":false,"excerpt":"Nem sempre \u00e9 f\u00e1cil entender como chegamos ao momento em que estamos. Os desafios que enfrentamos, seja na vida pessoal, profissional ou nos relacionamentos, muitas vezes parecem mais claros nos seus efeitos do que nas suas causas. Mas \u00e9 exatamente a\u00ed que a psicoterapia pode fazer toda a diferen\u00e7a. Na\u2026","rel":"","context":"Post similar","block_context":{"text":"Post similar","link":""},"img":{"alt_text":"","src":"https:\/\/i0.wp.com\/www.psimarcooliveira.com\/wp-content\/uploads\/2025\/06\/Psicologia-para-adultos.jpeg?resize=350%2C200&ssl=1","width":350,"height":200},"classes":[]},{"id":123,"url":"https:\/\/www.psimarcooliveira.com\/?page_id=123","url_meta":{"origin":53,"position":2},"title":"Psicologia do Adolescente","author":"admin","date":"04\/12\/2024","format":false,"excerpt":"Como funciona a consulta de Psicologia do Adolescente? Primeira Consulta O adolescente pode optar por entrar sozinho na sess\u00e3o, enquanto os pais aguardam e participam apenas no final. Nesta consulta inicial, \u00e9 criada uma conex\u00e3o terap\u00eautica, identificado o problema principal e planeada a avalia\u00e7\u00e3o necess\u00e1ria. Avalia\u00e7\u00e3o A avalia\u00e7\u00e3o aborda o\u2026","rel":"","context":"Post similar","block_context":{"text":"Post similar","link":""},"img":{"alt_text":"","src":"","width":0,"height":0},"classes":[]},{"id":121,"url":"https:\/\/www.psimarcooliveira.com\/?page_id=121","url_meta":{"origin":53,"position":3},"title":"Terapia do Adolescentes","author":"admin","date":"04\/12\/2024","format":false,"excerpt":"Na terapia para adolescentes, voc\u00ea encontra um espa\u00e7o seguro e acolhedor, longe das press\u00f5es do dia a dia, onde pode falar abertamente sobre o que sente e pensa. Ao mesmo tempo, seus pais podem ficar tranquilos, sabendo que voc\u00ea est\u00e1 recebendo apoio profissional e n\u00e3o est\u00e1 enfrentando os desafios sozinho(a),\u2026","rel":"","context":"Post similar","block_context":{"text":"Post similar","link":""},"img":{"alt_text":"","src":"","width":0,"height":0},"classes":[]},{"id":220,"url":"https:\/\/www.psimarcooliveira.com\/?page_id=220","url_meta":{"origin":53,"position":4},"title":"Terapia de Casal","author":"admin","date":"12\/06\/2025","format":false,"excerpt":"A Consulta de Terapia de Casal tem como prop\u00f3sito apoiar o casal em\u00a0momentos de crise\u00a0ou a ultrapassar problemas e obst\u00e1culos na rela\u00e7\u00e3o. Interv\u00e9m ainda nas necessidades do casal, analisa hip\u00f3teses de reconcilia\u00e7\u00e3o e os\u00a0facilitadores de restabelecimento da rela\u00e7\u00e3o\u00a0ou converte-se em terapia do div\u00f3rcio quando o melhor caminho para os elementos\u2026","rel":"","context":"Post similar","block_context":{"text":"Post similar","link":""},"img":{"alt_text":"","src":"","width":0,"height":0},"classes":[]},{"id":55,"url":"https:\/\/www.psimarcooliveira.com\/?page_id=55","url_meta":{"origin":53,"position":5},"title":"Sobre Mim","author":"admin","date":"26\/11\/2024","format":false,"excerpt":"Sou psic\u00f3logo brasileiro em Lisboa licenciado em Psicologia Cl\u00ednica e da Sa\u00fade (Universidade Aut\u00f3noma de Lisboa) na abordagem centrada na pessoa, mestrado em Psicologia Cl\u00ednica e da Sa\u00fade (Universidade Lus\u00f3fona de Lisboa) na abordagem Terapia Cognitivo-Comportamental (TCC), especializa\u00e7\u00e3o em Terapia de Casal e Familiar (CRIAP) na abordagem Sist\u00e9mica, Professional Coach\u2026","rel":"","context":"Post similar","block_context":{"text":"Post similar","link":""},"img":{"alt_text":"","src":"https:\/\/i0.wp.com\/www.psimarcooliveira.com\/wp-content\/uploads\/2025\/06\/MCO.jpg?resize=350%2C200&ssl=1","width":350,"height":200},"classes":[]}],"_links":{"self":[{"href":"https:\/\/www.psimarcooliveira.com\/index.php?rest_route=\/wp\/v2\/pages\/53","targetHints":{"allow":["GET"]}}],"collection":[{"href":"https:\/\/www.psimarcooliveira.com\/index.php?rest_route=\/wp\/v2\/pages"}],"about":[{"href":"https:\/\/www.psimarcooliveira.com\/index.php?rest_route=\/wp\/v2\/types\/page"}],"author":[{"embeddable":true,"href":"https:\/\/www.psimarcooliveira.com\/index.php?rest_route=\/wp\/v2\/users\/1"}],"replies":[{"embeddable":true,"href":"https:\/\/www.psimarcooliveira.com\/index.php?rest_route=%2Fwp%2Fv2%2Fcomments&post=53"}],"version-history":[{"count":11,"href":"https:\/\/www.psimarcooliveira.com\/index.php?rest_route=\/wp\/v2\/pages\/53\/revisions"}],"predecessor-version":[{"id":278,"href":"https:\/\/www.psimarcooliveira.com\/index.php?rest_route=\/wp\/v2\/pages\/53\/revisions\/278"}],"wp:attachment":[{"href":"https:\/\/www.psimarcooliveira.com\/index.php?rest_route=%2Fwp%2Fv2%2Fmedia&parent=53"}],"curies":[{"name":"wp","href":"https:\/\/api.w.org\/{rel}","templated":true}]}}