{"id":5,"date":"2024-11-22T15:07:52","date_gmt":"2024-11-22T15:07:52","guid":{"rendered":"https:\/\/www.psimarcooliveira.com\/?page_id=5"},"modified":"2025-06-26T17:49:42","modified_gmt":"2025-06-26T17:49:42","slug":"psicologo-clinic","status":"publish","type":"page","link":"https:\/\/www.psimarcooliveira.com\/","title":{"rendered":"Home"},"content":{"rendered":"\n<h2 class=\"wp-block-heading has-text-align-center\"><strong>MARCO OLIVEIRA &#8211; Psicologia Cl\u00ednica<\/strong><\/h2>\n\n\n\n<h2 class=\"wp-block-heading has-text-align-center\">COMO POSSO AJUDAR<\/h2>\n\n\n\n<p><strong>Descubra a mudan\u00e7a que voc\u00ea procura<\/strong><\/p>\n\n\n\n<p>Nem sempre \u00e9 f\u00e1cil entender como chegamos ao momento em que estamos. Os desafios que enfrentamos, seja na vida pessoal, profissional ou nos relacionamentos, muitas vezes parecem mais claros nos seus efeitos do que nas suas causas. Mas \u00e9 exatamente a\u00ed que a<strong> terapia<\/strong> pode fazer toda a diferen\u00e7a.<\/p>\n\n\n\n<p>Na minha pr\u00e1tica, cada pessoa \u00e9 \u00fanica e merece um atendimento personalizado. Juntos, revisitamos a sua hist\u00f3ria e identificamos os padr\u00f5es que podem estar a limitar o seu crescimento. Mais do que apenas compreender o que n\u00e3o est\u00e1 bem, trabalhamos lado a lado para construir ferramentas e estrat\u00e9gias que o ajudar\u00e3o a sair de um estado de dificuldade para um futuro mais promissor e equilibrado.<\/p>\n\n\n\n<p>Combinando abordagens integrativas e pr\u00e1ticas, o meu objetivo \u00e9 que voc\u00ea comece a sentir mudan\u00e7as significativas desde as primeiras sess\u00f5es. Este \u00e9 um espa\u00e7o seguro, emp\u00e1tico e desafiador, onde podemos explorar solu\u00e7\u00f5es concretas para quest\u00f5es como ansiedade, depress\u00e3o, burnout, conflitos interpessoais ou simplesmente o desejo de reencontrar o seu prop\u00f3sito.<\/p>\n\n\n\n<p>Psicoterapia \u00e9 trabalho equipa. \u00c9 o esfor\u00e7o conjunto entre cliente e terapeuta, onde cada passo \u00e9 discutido e planeado para atender \u00e0s suas necessidades e aspira\u00e7\u00f5es. A mudan\u00e7a n\u00e3o \u00e9 apenas poss\u00edvel, \u00e9 tang\u00edvel \u2013 e o caminho para ela come\u00e7a com o primeiro passo.<\/p>\n\n\n\n<p><strong>Permita-se descobrir o que est\u00e1 ao seu alcance e transforme os desafios de hoje nas conquistas de amanh\u00e3.<\/strong><\/p>\n\n\n\n<h2 class=\"wp-block-heading\">Consultas presenciais em Lisboa e Carcavelos ou sess\u00f5es online. <a href=\"https:\/\/www.psimarcooliveira.com\/?page_id=56\">Fa\u00e7a sua marca\u00e7\u00e3o<\/a>!<\/h2>\n\n\n\n<p><\/p>\n","protected":false},"excerpt":{"rendered":"<p>MARCO OLIVEIRA &#8211; Psicologia Cl\u00ednica COMO POSSO AJUDAR Descubra a mudan\u00e7a que voc\u00ea procura Nem sempre \u00e9 f\u00e1cil entender como chegamos ao momento em que estamos. Os desafios que enfrentamos, seja na vida pessoal, profissional ou nos relacionamentos, muitas vezes parecem mais claros nos seus efeitos do que nas suas causas. Mas \u00e9 exatamente a\u00ed&#8230;<\/p>\n<p class=\"more-link\"><a href=\"https:\/\/www.psimarcooliveira.com\/\"><span>Read More<\/span><i>&#43;<\/i><\/a><\/p>\n","protected":false},"author":1,"featured_media":0,"parent":0,"menu_order":0,"comment_status":"closed","ping_status":"closed","template":"","meta":{"_monsterinsights_skip_tracking":false,"_monsterinsights_sitenote_active":false,"_monsterinsights_sitenote_note":"","_monsterinsights_sitenote_category":0,"footnotes":""},"class_list":["post-5","page","type-page","status-publish","hentry"],"yoast_head":"<!-- This site is optimized with the Yoast SEO plugin v27.6 - https:\/\/yoast.com\/product\/yoast-seo-wordpress\/ -->\n<title>Marco Oliveira - Psic\u00f3logo Cl\u00ednico Lisboa, Cascais On-Line<\/title>\n<meta name=\"description\" content=\"Psic\u00f3logo brasileiro: atendimento a adultos e adolescentes. Apoio emocional, sa\u00fade mental e adapta\u00e7\u00e3o de brasileiros e lus\u00f3fonos em Portugal\" \/>\n<meta name=\"robots\" content=\"index, follow, max-snippet:-1, max-image-preview:large, max-video-preview:-1\" \/>\n<link rel=\"canonical\" href=\"https:\/\/www.psimarcooliveira.com\/\" \/>\n<meta property=\"og:locale\" content=\"pt_BR\" \/>\n<meta property=\"og:type\" content=\"article\" \/>\n<meta property=\"og:title\" content=\"Marco Oliveira - Psic\u00f3logo Cl\u00ednico Lisboa, Cascais On-Line\" \/>\n<meta property=\"og:description\" content=\"Psic\u00f3logo brasileiro: atendimento a adultos e adolescentes. Apoio emocional, sa\u00fade mental e adapta\u00e7\u00e3o de brasileiros e lus\u00f3fonos em Portugal\" \/>\n<meta property=\"og:url\" content=\"https:\/\/www.psimarcooliveira.com\/\" \/>\n<meta property=\"og:site_name\" content=\"Marco Oliveira\" \/>\n<meta property=\"article:modified_time\" content=\"2025-06-26T17:49:42+00:00\" \/>\n<meta name=\"twitter:card\" content=\"summary_large_image\" \/>\n<meta name=\"twitter:label1\" content=\"Est. tempo de leitura\" \/>\n\t<meta name=\"twitter:data1\" content=\"2 minutos\" \/>\n<script type=\"application\/ld+json\" class=\"yoast-schema-graph\">{\"@context\":\"https:\\\/\\\/schema.org\",\"@graph\":[{\"@type\":\"WebPage\",\"@id\":\"https:\\\/\\\/www.psimarcooliveira.com\\\/\",\"url\":\"https:\\\/\\\/www.psimarcooliveira.com\\\/\",\"name\":\"Marco Oliveira - Psic\u00f3logo Cl\u00ednico Lisboa, Cascais On-Line\",\"isPartOf\":{\"@id\":\"https:\\\/\\\/www.psimarcooliveira.com\\\/#website\"},\"datePublished\":\"2024-11-22T15:07:52+00:00\",\"dateModified\":\"2025-06-26T17:49:42+00:00\",\"description\":\"Psic\u00f3logo brasileiro: atendimento a adultos e adolescentes. Apoio emocional, sa\u00fade mental e adapta\u00e7\u00e3o de brasileiros e lus\u00f3fonos em Portugal\",\"breadcrumb\":{\"@id\":\"https:\\\/\\\/www.psimarcooliveira.com\\\/#breadcrumb\"},\"inLanguage\":\"pt-BR\",\"potentialAction\":[{\"@type\":\"ReadAction\",\"target\":[\"https:\\\/\\\/www.psimarcooliveira.com\\\/\"]}]},{\"@type\":\"BreadcrumbList\",\"@id\":\"https:\\\/\\\/www.psimarcooliveira.com\\\/#breadcrumb\",\"itemListElement\":[{\"@type\":\"ListItem\",\"position\":1,\"name\":\"In\u00edcio\",\"item\":\"https:\\\/\\\/www.psimarcooliveira.com\\\/\"},{\"@type\":\"ListItem\",\"position\":2,\"name\":\"Home\"}]},{\"@type\":\"WebSite\",\"@id\":\"https:\\\/\\\/www.psimarcooliveira.com\\\/#website\",\"url\":\"https:\\\/\\\/www.psimarcooliveira.com\\\/\",\"name\":\"Marco Oliveira\",\"description\":\"Psic\u00f3logo Cl\u00ednico\",\"publisher\":{\"@id\":\"https:\\\/\\\/www.psimarcooliveira.com\\\/#organization\"},\"potentialAction\":[{\"@type\":\"SearchAction\",\"target\":{\"@type\":\"EntryPoint\",\"urlTemplate\":\"https:\\\/\\\/www.psimarcooliveira.com\\\/?s={search_term_string}\"},\"query-input\":{\"@type\":\"PropertyValueSpecification\",\"valueRequired\":true,\"valueName\":\"search_term_string\"}}],\"inLanguage\":\"pt-BR\"},{\"@type\":\"Organization\",\"@id\":\"https:\\\/\\\/www.psimarcooliveira.com\\\/#organization\",\"name\":\"Marco Oliveira\",\"url\":\"https:\\\/\\\/www.psimarcooliveira.com\\\/\",\"logo\":{\"@type\":\"ImageObject\",\"inLanguage\":\"pt-BR\",\"@id\":\"https:\\\/\\\/www.psimarcooliveira.com\\\/#\\\/schema\\\/logo\\\/image\\\/\",\"url\":\"https:\\\/\\\/www.psimarcooliveira.com\\\/wp-content\\\/uploads\\\/2024\\\/11\\\/cropped-cropped-Marco-Oliveira-logo-6.png\",\"contentUrl\":\"https:\\\/\\\/www.psimarcooliveira.com\\\/wp-content\\\/uploads\\\/2024\\\/11\\\/cropped-cropped-Marco-Oliveira-logo-6.png\",\"width\":349,\"height\":233,\"caption\":\"Marco Oliveira\"},\"image\":{\"@id\":\"https:\\\/\\\/www.psimarcooliveira.com\\\/#\\\/schema\\\/logo\\\/image\\\/\"}}]}<\/script>\n<!-- \/ Yoast SEO plugin. -->","yoast_head_json":{"title":"Marco Oliveira - Psic\u00f3logo Cl\u00ednico Lisboa, Cascais On-Line","description":"Psic\u00f3logo brasileiro: atendimento a adultos e adolescentes. Apoio emocional, sa\u00fade mental e adapta\u00e7\u00e3o de brasileiros e lus\u00f3fonos em Portugal","robots":{"index":"index","follow":"follow","max-snippet":"max-snippet:-1","max-image-preview":"max-image-preview:large","max-video-preview":"max-video-preview:-1"},"canonical":"https:\/\/www.psimarcooliveira.com\/","og_locale":"pt_BR","og_type":"article","og_title":"Marco Oliveira - Psic\u00f3logo Cl\u00ednico Lisboa, Cascais On-Line","og_description":"Psic\u00f3logo brasileiro: atendimento a adultos e adolescentes. Apoio emocional, sa\u00fade mental e adapta\u00e7\u00e3o de brasileiros e lus\u00f3fonos em Portugal","og_url":"https:\/\/www.psimarcooliveira.com\/","og_site_name":"Marco Oliveira","article_modified_time":"2025-06-26T17:49:42+00:00","twitter_card":"summary_large_image","twitter_misc":{"Est. tempo de leitura":"2 minutos"},"schema":{"@context":"https:\/\/schema.org","@graph":[{"@type":"WebPage","@id":"https:\/\/www.psimarcooliveira.com\/","url":"https:\/\/www.psimarcooliveira.com\/","name":"Marco Oliveira - Psic\u00f3logo Cl\u00ednico Lisboa, Cascais On-Line","isPartOf":{"@id":"https:\/\/www.psimarcooliveira.com\/#website"},"datePublished":"2024-11-22T15:07:52+00:00","dateModified":"2025-06-26T17:49:42+00:00","description":"Psic\u00f3logo brasileiro: atendimento a adultos e adolescentes. Apoio emocional, sa\u00fade mental e adapta\u00e7\u00e3o de brasileiros e lus\u00f3fonos em Portugal","breadcrumb":{"@id":"https:\/\/www.psimarcooliveira.com\/#breadcrumb"},"inLanguage":"pt-BR","potentialAction":[{"@type":"ReadAction","target":["https:\/\/www.psimarcooliveira.com\/"]}]},{"@type":"BreadcrumbList","@id":"https:\/\/www.psimarcooliveira.com\/#breadcrumb","itemListElement":[{"@type":"ListItem","position":1,"name":"In\u00edcio","item":"https:\/\/www.psimarcooliveira.com\/"},{"@type":"ListItem","position":2,"name":"Home"}]},{"@type":"WebSite","@id":"https:\/\/www.psimarcooliveira.com\/#website","url":"https:\/\/www.psimarcooliveira.com\/","name":"Marco Oliveira","description":"Psic\u00f3logo Cl\u00ednico","publisher":{"@id":"https:\/\/www.psimarcooliveira.com\/#organization"},"potentialAction":[{"@type":"SearchAction","target":{"@type":"EntryPoint","urlTemplate":"https:\/\/www.psimarcooliveira.com\/?s={search_term_string}"},"query-input":{"@type":"PropertyValueSpecification","valueRequired":true,"valueName":"search_term_string"}}],"inLanguage":"pt-BR"},{"@type":"Organization","@id":"https:\/\/www.psimarcooliveira.com\/#organization","name":"Marco Oliveira","url":"https:\/\/www.psimarcooliveira.com\/","logo":{"@type":"ImageObject","inLanguage":"pt-BR","@id":"https:\/\/www.psimarcooliveira.com\/#\/schema\/logo\/image\/","url":"https:\/\/www.psimarcooliveira.com\/wp-content\/uploads\/2024\/11\/cropped-cropped-Marco-Oliveira-logo-6.png","contentUrl":"https:\/\/www.psimarcooliveira.com\/wp-content\/uploads\/2024\/11\/cropped-cropped-Marco-Oliveira-logo-6.png","width":349,"height":233,"caption":"Marco Oliveira"},"image":{"@id":"https:\/\/www.psimarcooliveira.com\/#\/schema\/logo\/image\/"}}]}},"jetpack_sharing_enabled":true,"jetpack-related-posts":[{"id":114,"url":"https:\/\/www.psimarcooliveira.com\/?page_id=114","url_meta":{"origin":5,"position":0},"title":"Psicologia Cl\u00ednica de Adultos","author":"admin","date":"04\/12\/2024","format":false,"excerpt":"Nem sempre \u00e9 f\u00e1cil entender como chegamos ao momento em que estamos. Os desafios que enfrentamos, seja na vida pessoal, profissional ou nos relacionamentos, muitas vezes parecem mais claros nos seus efeitos do que nas suas causas. Mas \u00e9 exatamente a\u00ed que a psicoterapia pode fazer toda a diferen\u00e7a. Na\u2026","rel":"","context":"Post similar","block_context":{"text":"Post similar","link":""},"img":{"alt_text":"","src":"https:\/\/i0.wp.com\/www.psimarcooliveira.com\/wp-content\/uploads\/2025\/06\/Psicologia-para-adultos.jpeg?resize=350%2C200&ssl=1","width":350,"height":200},"classes":[]},{"id":55,"url":"https:\/\/www.psimarcooliveira.com\/?page_id=55","url_meta":{"origin":5,"position":1},"title":"Sobre Mim","author":"admin","date":"26\/11\/2024","format":false,"excerpt":"Sou psic\u00f3logo brasileiro em Lisboa licenciado em Psicologia Cl\u00ednica e da Sa\u00fade (Universidade Aut\u00f3noma de Lisboa) na abordagem centrada na pessoa, mestrado em Psicologia Cl\u00ednica e da Sa\u00fade (Universidade Lus\u00f3fona de Lisboa) na abordagem Terapia Cognitivo-Comportamental (TCC), especializa\u00e7\u00e3o em Terapia de Casal e Familiar (CRIAP) na abordagem Sist\u00e9mica, Professional Coach\u2026","rel":"","context":"Post similar","block_context":{"text":"Post similar","link":""},"img":{"alt_text":"","src":"https:\/\/i0.wp.com\/www.psimarcooliveira.com\/wp-content\/uploads\/2025\/06\/MCO.jpg?resize=350%2C200&ssl=1","width":350,"height":200},"classes":[]},{"id":57,"url":"https:\/\/www.psimarcooliveira.com\/?page_id=57","url_meta":{"origin":5,"position":2},"title":"Perguntas frequentes","author":"admin","date":"26\/11\/2024","format":false,"excerpt":"Como marcar uma consulta?\u00a0 A melhor forma de marcar uma consulta \u00e9 preencher o formul\u00e1rio e marcar um primeiro contacto ou pode enviar-me um e-mail (geral@psimarcooliveria.com). Sinta-se \u00e0 vontade para perguntar qualquer quest\u00e3o sobre a minha pr\u00e1tica. Lembre-se que se n\u00e3o obtiver uma resposta clara nesta fase cabe a mim,\u2026","rel":"","context":"Post similar","block_context":{"text":"Post similar","link":""},"img":{"alt_text":"","src":"","width":0,"height":0},"classes":[]},{"id":121,"url":"https:\/\/www.psimarcooliveira.com\/?page_id=121","url_meta":{"origin":5,"position":3},"title":"Terapia do Adolescentes","author":"admin","date":"04\/12\/2024","format":false,"excerpt":"Na terapia para adolescentes, voc\u00ea encontra um espa\u00e7o seguro e acolhedor, longe das press\u00f5es do dia a dia, onde pode falar abertamente sobre o que sente e pensa. Ao mesmo tempo, seus pais podem ficar tranquilos, sabendo que voc\u00ea est\u00e1 recebendo apoio profissional e n\u00e3o est\u00e1 enfrentando os desafios sozinho(a),\u2026","rel":"","context":"Post similar","block_context":{"text":"Post similar","link":""},"img":{"alt_text":"","src":"","width":0,"height":0},"classes":[]},{"id":274,"url":"https:\/\/www.psimarcooliveira.com\/?page_id=274","url_meta":{"origin":5,"position":4},"title":"Terapia de Casal","author":"Marco Oliveira","date":"16\/06\/2025","format":false,"excerpt":"Reconstrua o Amor e a Harmonia na Rela\u00e7\u00e3o Os relacionamentos amorosos s\u00e3o, sem d\u00favida, uma das fontes mais ricas de alegria e crescimento pessoal, mas tamb\u00e9m podem ser desafiadores. Com o tempo, as exig\u00eancias familiares e profissionais, a rotina e um aparente arrefecimento de sentimentos podem gerar um distanciamento, fazendo\u2026","rel":"","context":"Post similar","block_context":{"text":"Post similar","link":""},"img":{"alt_text":"","src":"https:\/\/i0.wp.com\/www.psimarcooliveira.com\/wp-content\/uploads\/2025\/03\/img_1533-1.jpg?resize=350%2C200&ssl=1","width":350,"height":200},"classes":[]},{"id":240,"url":"https:\/\/www.psimarcooliveira.com\/?page_id=240","url_meta":{"origin":5,"position":5},"title":"Pol\u00edtica de Prote\u00e7\u00e3o de Dados","author":"admin","date":"12\/06\/2025","format":false,"excerpt":"Quem somos O endere\u00e7o do nosso site \u00e9: https:\/\/www.psimarcooliveira.comA propriet\u00e1ria deste site \u00e9 Marco C\u00e9sar de Oliveira.A nossa morada \u00e9 Rua C\u00e2ndido de Oliveira, 148 - 2785-361 Penedo - S\u00e3o Domingos de Rana \u00c2mbito da nossa Pol\u00edtica de Privacidade A presente pol\u00edtica de privacidade abrange este s\u00edtio de internet.O https:\/\/www.psimarcooliveira.com\u2026","rel":"","context":"Post similar","block_context":{"text":"Post similar","link":""},"img":{"alt_text":"","src":"","width":0,"height":0},"classes":[]}],"_links":{"self":[{"href":"https:\/\/www.psimarcooliveira.com\/index.php?rest_route=\/wp\/v2\/pages\/5","targetHints":{"allow":["GET"]}}],"collection":[{"href":"https:\/\/www.psimarcooliveira.com\/index.php?rest_route=\/wp\/v2\/pages"}],"about":[{"href":"https:\/\/www.psimarcooliveira.com\/index.php?rest_route=\/wp\/v2\/types\/page"}],"author":[{"embeddable":true,"href":"https:\/\/www.psimarcooliveira.com\/index.php?rest_route=\/wp\/v2\/users\/1"}],"replies":[{"embeddable":true,"href":"https:\/\/www.psimarcooliveira.com\/index.php?rest_route=%2Fwp%2Fv2%2Fcomments&post=5"}],"version-history":[{"count":2,"href":"https:\/\/www.psimarcooliveira.com\/index.php?rest_route=\/wp\/v2\/pages\/5\/revisions"}],"predecessor-version":[{"id":178,"href":"https:\/\/www.psimarcooliveira.com\/index.php?rest_route=\/wp\/v2\/pages\/5\/revisions\/178"}],"wp:attachment":[{"href":"https:\/\/www.psimarcooliveira.com\/index.php?rest_route=%2Fwp%2Fv2%2Fmedia&parent=5"}],"curies":[{"name":"wp","href":"https:\/\/api.w.org\/{rel}","templated":true}]}}