{"id":131,"date":"2024-12-04T20:40:24","date_gmt":"2024-12-04T20:40:24","guid":{"rendered":"https:\/\/www.psimarcooliveira.com\/?page_id=131"},"modified":"2025-09-29T12:16:52","modified_gmt":"2025-09-29T12:16:52","slug":"formacao","status":"publish","type":"page","link":"https:\/\/www.psimarcooliveira.com\/?page_id=131","title":{"rendered":"Eventos"},"content":{"rendered":"\n<p class=\"has-medium-font-size\"><strong>Cuidar das pessoas \u00e9 fortalecer a organiza\u00e7\u00e3o.<\/strong><br>Workshops e eventos sobre sa\u00fade mental, desempenho e desenvolvimento profissional, pensados para <strong>profissionais de RH e entidades<\/strong> que querem criar equipas mais saud\u00e1veis, motivadas e produtivas.<\/p>\n\n\n\n<p class=\"has-vivid-cyan-blue-color has-text-color has-link-color has-medium-font-size wp-elements-67d30cdd036ada67bd31cdbfd01bdc8e\"><strong>Palestras<\/strong><\/p>\n\n\n\n<p class=\"has-vivid-cyan-blue-color has-text-color has-link-color has-medium-font-size wp-elements-ce958d37f01c87267f593e3095c11328\"><strong>Workshops<\/strong><\/p>\n\n\n\n<p><\/p>\n","protected":false},"excerpt":{"rendered":"<p>Cuidar das pessoas \u00e9 fortalecer a organiza\u00e7\u00e3o.Workshops e eventos sobre sa\u00fade mental, desempenho e desenvolvimento profissional, pensados para profissionais de RH e entidades que querem criar equipas mais saud\u00e1veis, motivadas e produtivas. Palestras Workshops<\/p>\n","protected":false},"author":1,"featured_media":0,"parent":0,"menu_order":0,"comment_status":"closed","ping_status":"closed","template":"","meta":{"_monsterinsights_skip_tracking":false,"_monsterinsights_sitenote_active":false,"_monsterinsights_sitenote_note":"","_monsterinsights_sitenote_category":0,"footnotes":""},"class_list":["post-131","page","type-page","status-publish","hentry"],"yoast_head":"<!-- This site is optimized with the Yoast SEO plugin v27.6 - https:\/\/yoast.com\/product\/yoast-seo-wordpress\/ -->\n<title>Eventos - Marco Oliveira<\/title>\n<meta name=\"robots\" content=\"index, follow, max-snippet:-1, max-image-preview:large, max-video-preview:-1\" \/>\n<link rel=\"canonical\" href=\"https:\/\/www.psimarcooliveira.com\/?page_id=131\" \/>\n<meta property=\"og:locale\" content=\"pt_BR\" \/>\n<meta property=\"og:type\" content=\"article\" \/>\n<meta property=\"og:title\" content=\"Eventos - Marco Oliveira\" \/>\n<meta property=\"og:description\" content=\"Cuidar das pessoas \u00e9 fortalecer a organiza\u00e7\u00e3o.Workshops e eventos sobre sa\u00fade mental, desempenho e desenvolvimento profissional, pensados para profissionais de RH e entidades que querem criar equipas mais saud\u00e1veis, motivadas e produtivas. Palestras Workshops\" \/>\n<meta property=\"og:url\" content=\"https:\/\/www.psimarcooliveira.com\/?page_id=131\" \/>\n<meta property=\"og:site_name\" content=\"Marco Oliveira\" \/>\n<meta property=\"article:modified_time\" content=\"2025-09-29T12:16:52+00:00\" \/>\n<meta name=\"twitter:card\" content=\"summary_large_image\" \/>\n<meta name=\"twitter:label1\" content=\"Est. tempo de leitura\" \/>\n\t<meta name=\"twitter:data1\" content=\"1 minuto\" \/>\n<script type=\"application\/ld+json\" class=\"yoast-schema-graph\">{\"@context\":\"https:\\\/\\\/schema.org\",\"@graph\":[{\"@type\":\"WebPage\",\"@id\":\"https:\\\/\\\/www.psimarcooliveira.com\\\/?page_id=131\",\"url\":\"https:\\\/\\\/www.psimarcooliveira.com\\\/?page_id=131\",\"name\":\"Eventos - Marco Oliveira\",\"isPartOf\":{\"@id\":\"https:\\\/\\\/www.psimarcooliveira.com\\\/#website\"},\"datePublished\":\"2024-12-04T20:40:24+00:00\",\"dateModified\":\"2025-09-29T12:16:52+00:00\",\"breadcrumb\":{\"@id\":\"https:\\\/\\\/www.psimarcooliveira.com\\\/?page_id=131#breadcrumb\"},\"inLanguage\":\"pt-BR\",\"potentialAction\":[{\"@type\":\"ReadAction\",\"target\":[\"https:\\\/\\\/www.psimarcooliveira.com\\\/?page_id=131\"]}]},{\"@type\":\"BreadcrumbList\",\"@id\":\"https:\\\/\\\/www.psimarcooliveira.com\\\/?page_id=131#breadcrumb\",\"itemListElement\":[{\"@type\":\"ListItem\",\"position\":1,\"name\":\"In\u00edcio\",\"item\":\"https:\\\/\\\/www.psimarcooliveira.com\\\/\"},{\"@type\":\"ListItem\",\"position\":2,\"name\":\"Eventos\"}]},{\"@type\":\"WebSite\",\"@id\":\"https:\\\/\\\/www.psimarcooliveira.com\\\/#website\",\"url\":\"https:\\\/\\\/www.psimarcooliveira.com\\\/\",\"name\":\"Marco Oliveira\",\"description\":\"Psic\u00f3logo Cl\u00ednico\",\"publisher\":{\"@id\":\"https:\\\/\\\/www.psimarcooliveira.com\\\/#organization\"},\"potentialAction\":[{\"@type\":\"SearchAction\",\"target\":{\"@type\":\"EntryPoint\",\"urlTemplate\":\"https:\\\/\\\/www.psimarcooliveira.com\\\/?s={search_term_string}\"},\"query-input\":{\"@type\":\"PropertyValueSpecification\",\"valueRequired\":true,\"valueName\":\"search_term_string\"}}],\"inLanguage\":\"pt-BR\"},{\"@type\":\"Organization\",\"@id\":\"https:\\\/\\\/www.psimarcooliveira.com\\\/#organization\",\"name\":\"Marco Oliveira\",\"url\":\"https:\\\/\\\/www.psimarcooliveira.com\\\/\",\"logo\":{\"@type\":\"ImageObject\",\"inLanguage\":\"pt-BR\",\"@id\":\"https:\\\/\\\/www.psimarcooliveira.com\\\/#\\\/schema\\\/logo\\\/image\\\/\",\"url\":\"https:\\\/\\\/www.psimarcooliveira.com\\\/wp-content\\\/uploads\\\/2024\\\/11\\\/cropped-cropped-Marco-Oliveira-logo-6.png\",\"contentUrl\":\"https:\\\/\\\/www.psimarcooliveira.com\\\/wp-content\\\/uploads\\\/2024\\\/11\\\/cropped-cropped-Marco-Oliveira-logo-6.png\",\"width\":349,\"height\":233,\"caption\":\"Marco Oliveira\"},\"image\":{\"@id\":\"https:\\\/\\\/www.psimarcooliveira.com\\\/#\\\/schema\\\/logo\\\/image\\\/\"}}]}<\/script>\n<!-- \/ Yoast SEO plugin. -->","yoast_head_json":{"title":"Eventos - Marco Oliveira","robots":{"index":"index","follow":"follow","max-snippet":"max-snippet:-1","max-image-preview":"max-image-preview:large","max-video-preview":"max-video-preview:-1"},"canonical":"https:\/\/www.psimarcooliveira.com\/?page_id=131","og_locale":"pt_BR","og_type":"article","og_title":"Eventos - Marco Oliveira","og_description":"Cuidar das pessoas \u00e9 fortalecer a organiza\u00e7\u00e3o.Workshops e eventos sobre sa\u00fade mental, desempenho e desenvolvimento profissional, pensados para profissionais de RH e entidades que querem criar equipas mais saud\u00e1veis, motivadas e produtivas. Palestras Workshops","og_url":"https:\/\/www.psimarcooliveira.com\/?page_id=131","og_site_name":"Marco Oliveira","article_modified_time":"2025-09-29T12:16:52+00:00","twitter_card":"summary_large_image","twitter_misc":{"Est. tempo de leitura":"1 minuto"},"schema":{"@context":"https:\/\/schema.org","@graph":[{"@type":"WebPage","@id":"https:\/\/www.psimarcooliveira.com\/?page_id=131","url":"https:\/\/www.psimarcooliveira.com\/?page_id=131","name":"Eventos - Marco Oliveira","isPartOf":{"@id":"https:\/\/www.psimarcooliveira.com\/#website"},"datePublished":"2024-12-04T20:40:24+00:00","dateModified":"2025-09-29T12:16:52+00:00","breadcrumb":{"@id":"https:\/\/www.psimarcooliveira.com\/?page_id=131#breadcrumb"},"inLanguage":"pt-BR","potentialAction":[{"@type":"ReadAction","target":["https:\/\/www.psimarcooliveira.com\/?page_id=131"]}]},{"@type":"BreadcrumbList","@id":"https:\/\/www.psimarcooliveira.com\/?page_id=131#breadcrumb","itemListElement":[{"@type":"ListItem","position":1,"name":"In\u00edcio","item":"https:\/\/www.psimarcooliveira.com\/"},{"@type":"ListItem","position":2,"name":"Eventos"}]},{"@type":"WebSite","@id":"https:\/\/www.psimarcooliveira.com\/#website","url":"https:\/\/www.psimarcooliveira.com\/","name":"Marco Oliveira","description":"Psic\u00f3logo Cl\u00ednico","publisher":{"@id":"https:\/\/www.psimarcooliveira.com\/#organization"},"potentialAction":[{"@type":"SearchAction","target":{"@type":"EntryPoint","urlTemplate":"https:\/\/www.psimarcooliveira.com\/?s={search_term_string}"},"query-input":{"@type":"PropertyValueSpecification","valueRequired":true,"valueName":"search_term_string"}}],"inLanguage":"pt-BR"},{"@type":"Organization","@id":"https:\/\/www.psimarcooliveira.com\/#organization","name":"Marco Oliveira","url":"https:\/\/www.psimarcooliveira.com\/","logo":{"@type":"ImageObject","inLanguage":"pt-BR","@id":"https:\/\/www.psimarcooliveira.com\/#\/schema\/logo\/image\/","url":"https:\/\/www.psimarcooliveira.com\/wp-content\/uploads\/2024\/11\/cropped-cropped-Marco-Oliveira-logo-6.png","contentUrl":"https:\/\/www.psimarcooliveira.com\/wp-content\/uploads\/2024\/11\/cropped-cropped-Marco-Oliveira-logo-6.png","width":349,"height":233,"caption":"Marco Oliveira"},"image":{"@id":"https:\/\/www.psimarcooliveira.com\/#\/schema\/logo\/image\/"}}]}},"jetpack_sharing_enabled":true,"jetpack-related-posts":[{"id":58,"url":"https:\/\/www.psimarcooliveira.com\/?page_id=58","url_meta":{"origin":131,"position":0},"title":"Artigos","author":"admin","date":"26\/11\/2024","format":false,"excerpt":"https:\/\/www.instagram.com\/p\/DDHKY1BMJis\/?igsh=MWVqZTY4azhlYXk5YQ==","rel":"","context":"Post similar","block_context":{"text":"Post similar","link":""},"img":{"alt_text":"","src":"","width":0,"height":0},"classes":[]},{"id":157,"url":"https:\/\/www.psimarcooliveira.com\/?page_id=157","url_meta":{"origin":131,"position":1},"title":"Psicologia da Imigra\u00e7\u00e3o","author":"Marco Oliveira","date":"28\/02\/2025","format":false,"excerpt":"Imigra\u00e7\u00e3o e sa\u00fade mental: como identificar e agir Viver fora do pa\u00eds de origem pode ser um sonho \u2014 mas tamb\u00e9m traz desafios emocionais. A sa\u00fade mental na imigra\u00e7\u00e3o \u00e9 um tema cada vez mais falado, e por boas raz\u00f5es. O afastamento da fam\u00edlia, as mudan\u00e7as culturais e a sensa\u00e7\u00e3o\u2026","rel":"","context":"Post similar","block_context":{"text":"Post similar","link":""},"img":{"alt_text":"","src":"","width":0,"height":0},"classes":[]},{"id":55,"url":"https:\/\/www.psimarcooliveira.com\/?page_id=55","url_meta":{"origin":131,"position":2},"title":"Sobre Mim","author":"admin","date":"26\/11\/2024","format":false,"excerpt":"Sou psic\u00f3logo brasileiro em Lisboa licenciado em Psicologia Cl\u00ednica e da Sa\u00fade (Universidade Aut\u00f3noma de Lisboa) na abordagem centrada na pessoa, mestrado em Psicologia Cl\u00ednica e da Sa\u00fade (Universidade Lus\u00f3fona de Lisboa) na abordagem Terapia Cognitivo-Comportamental (TCC), especializa\u00e7\u00e3o em Terapia de Casal e Familiar (CRIAP) na abordagem Sist\u00e9mica, Professional Coach\u2026","rel":"","context":"Post similar","block_context":{"text":"Post similar","link":""},"img":{"alt_text":"","src":"https:\/\/i0.wp.com\/www.psimarcooliveira.com\/wp-content\/uploads\/2025\/06\/MCO.jpg?resize=350%2C200&ssl=1","width":350,"height":200},"classes":[]},{"id":274,"url":"https:\/\/www.psimarcooliveira.com\/?page_id=274","url_meta":{"origin":131,"position":3},"title":"Terapia de Casal","author":"Marco Oliveira","date":"16\/06\/2025","format":false,"excerpt":"Reconstrua o Amor e a Harmonia na Rela\u00e7\u00e3o Os relacionamentos amorosos s\u00e3o, sem d\u00favida, uma das fontes mais ricas de alegria e crescimento pessoal, mas tamb\u00e9m podem ser desafiadores. Com o tempo, as exig\u00eancias familiares e profissionais, a rotina e um aparente arrefecimento de sentimentos podem gerar um distanciamento, fazendo\u2026","rel":"","context":"Post similar","block_context":{"text":"Post similar","link":""},"img":{"alt_text":"","src":"https:\/\/i0.wp.com\/www.psimarcooliveira.com\/wp-content\/uploads\/2025\/03\/img_1533-1.jpg?resize=350%2C200&ssl=1","width":350,"height":200},"classes":[]}],"_links":{"self":[{"href":"https:\/\/www.psimarcooliveira.com\/index.php?rest_route=\/wp\/v2\/pages\/131","targetHints":{"allow":["GET"]}}],"collection":[{"href":"https:\/\/www.psimarcooliveira.com\/index.php?rest_route=\/wp\/v2\/pages"}],"about":[{"href":"https:\/\/www.psimarcooliveira.com\/index.php?rest_route=\/wp\/v2\/types\/page"}],"author":[{"embeddable":true,"href":"https:\/\/www.psimarcooliveira.com\/index.php?rest_route=\/wp\/v2\/users\/1"}],"replies":[{"embeddable":true,"href":"https:\/\/www.psimarcooliveira.com\/index.php?rest_route=%2Fwp%2Fv2%2Fcomments&post=131"}],"version-history":[{"count":3,"href":"https:\/\/www.psimarcooliveira.com\/index.php?rest_route=\/wp\/v2\/pages\/131\/revisions"}],"predecessor-version":[{"id":376,"href":"https:\/\/www.psimarcooliveira.com\/index.php?rest_route=\/wp\/v2\/pages\/131\/revisions\/376"}],"wp:attachment":[{"href":"https:\/\/www.psimarcooliveira.com\/index.php?rest_route=%2Fwp%2Fv2%2Fmedia&parent=131"}],"curies":[{"name":"wp","href":"https:\/\/api.w.org\/{rel}","templated":true}]}}