{"id":121,"date":"2024-12-04T20:25:15","date_gmt":"2024-12-04T20:25:15","guid":{"rendered":"https:\/\/www.psimarcooliveira.com\/?page_id=121"},"modified":"2025-06-30T15:17:29","modified_gmt":"2025-06-30T15:17:29","slug":"terapia-de-adolescentes","status":"publish","type":"page","link":"https:\/\/www.psimarcooliveira.com\/?page_id=121","title":{"rendered":"Terapia do Adolescentes"},"content":{"rendered":"\n<p class=\"has-medium-font-size\">Na terapia para adolescentes, voc\u00ea encontra um espa\u00e7o seguro e acolhedor, longe das press\u00f5es do dia a dia, onde pode falar abertamente sobre o que sente e pensa. Ao mesmo tempo, seus pais podem ficar tranquilos, sabendo que voc\u00ea est\u00e1 recebendo apoio profissional e n\u00e3o est\u00e1 enfrentando os desafios sozinho(a), mesmo quando est\u00e3o distantes.<\/p>\n\n\n\n<p class=\"has-medium-font-size\">Para os pais, a adolesc\u00eancia dos filhos pode ser uma fase de incertezas e ansiedade. \u00c9 um momento em que eles perdem o controle total sobre o que acontece no mundo dos jovens e precisam confiar que est\u00e3o fazendo as escolhas certas.<\/p>\n\n\n\n<p class=\"has-medium-font-size\">A terapia para adolescentes oferece um apoio essencial. Para os jovens, \u00e9 um espa\u00e7o seguro e acolhedor, onde podem compartilhar seus pensamentos e sentimentos com um profissional fora do ambiente familiar. Para os pais, \u00e9 a tranquilidade de saber que seus filhos n\u00e3o est\u00e3o sozinhos nessa jornada, mesmo quando enfrentam desafios longe de casa.<\/p>\n\n\n\n<h2 class=\"wp-block-heading has-black-color has-text-color has-link-color has-large-font-size wp-elements-aee157e3819cf1f40edd61a0b895dc45\">Em que situa\u00e7\u00f5es \u00e9 mais importante a consulta de Psicologia na Adolesc\u00eancia?<\/h2>\n\n\n\n<div class=\"wp-block-group has-medium-font-size\"><div class=\"wp-block-group__inner-container is-layout-constrained wp-block-group-is-layout-constrained\">\n<ul class=\"wp-block-list\">\n<li class=\"has-black-color has-text-color has-link-color has-medium-font-size wp-elements-837b85f554a7ed82b49930a0b1b9f964\">Conhecer-se a si pr\u00f3prio \u2013 Identidade Pessoal;<\/li>\n\n\n\n<li class=\"has-black-color has-text-color has-link-color has-medium-font-size wp-elements-a4992d120645fa5ec6c17d532723bed4\">Adotar um papel sexual \u2013 Identidade Sexual;<\/li>\n\n\n\n<li class=\"has-black-color has-text-color has-link-color has-medium-font-size wp-elements-e607c9c6917fe600e06c69c2e26d21f4\">Conseguir autonomia perante a fam\u00edlia;<\/li>\n\n\n\n<li class=\"has-black-color has-text-color has-link-color has-medium-font-size wp-elements-7426bdcad625e2e7ca048d204162c98c\">Definir o seu percurso acad\u00e9mico \u2013 definir-se vocacionalmente;<\/li>\n\n\n\n<li class=\"has-black-color has-text-color has-link-color has-medium-font-size wp-elements-374a9d4568758222762be8fe0dee1df4\">Criar rela\u00e7\u00f5es interpessoais de qualidade com os pares, de forma a consolidar a sua identidade;<\/li>\n\n\n\n<li>Dificuldades de Relacionamento;<\/li>\n\n\n\n<li>Dificuldades de Comunica\u00e7\u00e3o;<\/li>\n\n\n\n<li>Ansiedade e Medos;<\/li>\n\n\n\n<li>Inicia\u00e7\u00e3o \u00e0 Sexualidade;<\/li>\n\n\n\n<li>Divorcio dos Pais;<\/li>\n\n\n\n<li>Morte de um Familiar ou Amigo;<\/li>\n\n\n\n<li>Idea\u00e7\u00e3o Suicida;<\/li>\n\n\n\n<li>Dislexia e Dificuldades de Aprendizagem;<\/li>\n\n\n\n<li>Escolha de Percurso Acad\u00e9mico;<\/li>\n\n\n\n<li>Consumo de Drogas;<\/li>\n\n\n\n<li>Bullying\u2026<\/li>\n<\/ul>\n\n\n\n<p class=\"has-luminous-vivid-orange-color has-text-color has-link-color has-medium-font-size wp-elements-f5c83d24d2ebf05933d458d11cdf99f1\"><strong><a href=\"https:\/\/www.psimarcooliveira.com\/?page_id=123\">Como funciona a consulta de Psicologia do Adolescente?<\/a><\/strong><\/p>\n<\/div><\/div>\n\n\n\n<p><\/p>\n","protected":false},"excerpt":{"rendered":"<p>Na terapia para adolescentes, voc\u00ea encontra um espa\u00e7o seguro e acolhedor, longe das press\u00f5es do dia a dia, onde pode falar abertamente sobre o que sente e pensa. Ao mesmo tempo, seus pais podem ficar tranquilos, sabendo que voc\u00ea est\u00e1 recebendo apoio profissional e n\u00e3o est\u00e1 enfrentando os desafios sozinho(a), mesmo quando est\u00e3o distantes. Para&#8230;<\/p>\n<p class=\"more-link\"><a href=\"https:\/\/www.psimarcooliveira.com\/?page_id=121\"><span>Read More<\/span><i>&#43;<\/i><\/a><\/p>\n","protected":false},"author":1,"featured_media":0,"parent":0,"menu_order":0,"comment_status":"closed","ping_status":"closed","template":"","meta":{"_monsterinsights_skip_tracking":false,"_monsterinsights_sitenote_active":false,"_monsterinsights_sitenote_note":"","_monsterinsights_sitenote_category":0,"footnotes":""},"class_list":["post-121","page","type-page","status-publish","hentry"],"yoast_head":"<!-- This site is optimized with the Yoast SEO plugin v27.6 - https:\/\/yoast.com\/product\/yoast-seo-wordpress\/ -->\n<title>Terapia do Adolescentes - Marco Oliveira<\/title>\n<meta name=\"robots\" content=\"index, follow, max-snippet:-1, max-image-preview:large, max-video-preview:-1\" \/>\n<link rel=\"canonical\" href=\"https:\/\/www.psimarcooliveira.com\/?page_id=121\" \/>\n<meta property=\"og:locale\" content=\"pt_BR\" \/>\n<meta property=\"og:type\" content=\"article\" \/>\n<meta property=\"og:title\" content=\"Terapia do Adolescentes - Marco Oliveira\" \/>\n<meta property=\"og:description\" content=\"Na terapia para adolescentes, voc\u00ea encontra um espa\u00e7o seguro e acolhedor, longe das press\u00f5es do dia a dia, onde pode falar abertamente sobre o que sente e pensa. Ao mesmo tempo, seus pais podem ficar tranquilos, sabendo que voc\u00ea est\u00e1 recebendo apoio profissional e n\u00e3o est\u00e1 enfrentando os desafios sozinho(a), mesmo quando est\u00e3o distantes. Para&#8230;Read More&#043;\" \/>\n<meta property=\"og:url\" content=\"https:\/\/www.psimarcooliveira.com\/?page_id=121\" \/>\n<meta property=\"og:site_name\" content=\"Marco Oliveira\" \/>\n<meta property=\"article:modified_time\" content=\"2025-06-30T15:17:29+00:00\" \/>\n<meta name=\"twitter:card\" content=\"summary_large_image\" \/>\n<meta name=\"twitter:label1\" content=\"Est. tempo de leitura\" \/>\n\t<meta name=\"twitter:data1\" content=\"2 minutos\" \/>\n<script type=\"application\/ld+json\" class=\"yoast-schema-graph\">{\"@context\":\"https:\\\/\\\/schema.org\",\"@graph\":[{\"@type\":\"WebPage\",\"@id\":\"https:\\\/\\\/www.psimarcooliveira.com\\\/?page_id=121\",\"url\":\"https:\\\/\\\/www.psimarcooliveira.com\\\/?page_id=121\",\"name\":\"Terapia do Adolescentes - Marco Oliveira\",\"isPartOf\":{\"@id\":\"https:\\\/\\\/www.psimarcooliveira.com\\\/#website\"},\"datePublished\":\"2024-12-04T20:25:15+00:00\",\"dateModified\":\"2025-06-30T15:17:29+00:00\",\"breadcrumb\":{\"@id\":\"https:\\\/\\\/www.psimarcooliveira.com\\\/?page_id=121#breadcrumb\"},\"inLanguage\":\"pt-BR\",\"potentialAction\":[{\"@type\":\"ReadAction\",\"target\":[\"https:\\\/\\\/www.psimarcooliveira.com\\\/?page_id=121\"]}]},{\"@type\":\"BreadcrumbList\",\"@id\":\"https:\\\/\\\/www.psimarcooliveira.com\\\/?page_id=121#breadcrumb\",\"itemListElement\":[{\"@type\":\"ListItem\",\"position\":1,\"name\":\"In\u00edcio\",\"item\":\"https:\\\/\\\/www.psimarcooliveira.com\\\/\"},{\"@type\":\"ListItem\",\"position\":2,\"name\":\"Terapia do Adolescentes\"}]},{\"@type\":\"WebSite\",\"@id\":\"https:\\\/\\\/www.psimarcooliveira.com\\\/#website\",\"url\":\"https:\\\/\\\/www.psimarcooliveira.com\\\/\",\"name\":\"Marco Oliveira\",\"description\":\"Psic\u00f3logo Cl\u00ednico\",\"publisher\":{\"@id\":\"https:\\\/\\\/www.psimarcooliveira.com\\\/#organization\"},\"potentialAction\":[{\"@type\":\"SearchAction\",\"target\":{\"@type\":\"EntryPoint\",\"urlTemplate\":\"https:\\\/\\\/www.psimarcooliveira.com\\\/?s={search_term_string}\"},\"query-input\":{\"@type\":\"PropertyValueSpecification\",\"valueRequired\":true,\"valueName\":\"search_term_string\"}}],\"inLanguage\":\"pt-BR\"},{\"@type\":\"Organization\",\"@id\":\"https:\\\/\\\/www.psimarcooliveira.com\\\/#organization\",\"name\":\"Marco Oliveira\",\"url\":\"https:\\\/\\\/www.psimarcooliveira.com\\\/\",\"logo\":{\"@type\":\"ImageObject\",\"inLanguage\":\"pt-BR\",\"@id\":\"https:\\\/\\\/www.psimarcooliveira.com\\\/#\\\/schema\\\/logo\\\/image\\\/\",\"url\":\"https:\\\/\\\/www.psimarcooliveira.com\\\/wp-content\\\/uploads\\\/2024\\\/11\\\/cropped-cropped-Marco-Oliveira-logo-6.png\",\"contentUrl\":\"https:\\\/\\\/www.psimarcooliveira.com\\\/wp-content\\\/uploads\\\/2024\\\/11\\\/cropped-cropped-Marco-Oliveira-logo-6.png\",\"width\":349,\"height\":233,\"caption\":\"Marco Oliveira\"},\"image\":{\"@id\":\"https:\\\/\\\/www.psimarcooliveira.com\\\/#\\\/schema\\\/logo\\\/image\\\/\"}}]}<\/script>\n<!-- \/ Yoast SEO plugin. -->","yoast_head_json":{"title":"Terapia do Adolescentes - Marco Oliveira","robots":{"index":"index","follow":"follow","max-snippet":"max-snippet:-1","max-image-preview":"max-image-preview:large","max-video-preview":"max-video-preview:-1"},"canonical":"https:\/\/www.psimarcooliveira.com\/?page_id=121","og_locale":"pt_BR","og_type":"article","og_title":"Terapia do Adolescentes - Marco Oliveira","og_description":"Na terapia para adolescentes, voc\u00ea encontra um espa\u00e7o seguro e acolhedor, longe das press\u00f5es do dia a dia, onde pode falar abertamente sobre o que sente e pensa. Ao mesmo tempo, seus pais podem ficar tranquilos, sabendo que voc\u00ea est\u00e1 recebendo apoio profissional e n\u00e3o est\u00e1 enfrentando os desafios sozinho(a), mesmo quando est\u00e3o distantes. Para&#8230;Read More&#43;","og_url":"https:\/\/www.psimarcooliveira.com\/?page_id=121","og_site_name":"Marco Oliveira","article_modified_time":"2025-06-30T15:17:29+00:00","twitter_card":"summary_large_image","twitter_misc":{"Est. tempo de leitura":"2 minutos"},"schema":{"@context":"https:\/\/schema.org","@graph":[{"@type":"WebPage","@id":"https:\/\/www.psimarcooliveira.com\/?page_id=121","url":"https:\/\/www.psimarcooliveira.com\/?page_id=121","name":"Terapia do Adolescentes - Marco Oliveira","isPartOf":{"@id":"https:\/\/www.psimarcooliveira.com\/#website"},"datePublished":"2024-12-04T20:25:15+00:00","dateModified":"2025-06-30T15:17:29+00:00","breadcrumb":{"@id":"https:\/\/www.psimarcooliveira.com\/?page_id=121#breadcrumb"},"inLanguage":"pt-BR","potentialAction":[{"@type":"ReadAction","target":["https:\/\/www.psimarcooliveira.com\/?page_id=121"]}]},{"@type":"BreadcrumbList","@id":"https:\/\/www.psimarcooliveira.com\/?page_id=121#breadcrumb","itemListElement":[{"@type":"ListItem","position":1,"name":"In\u00edcio","item":"https:\/\/www.psimarcooliveira.com\/"},{"@type":"ListItem","position":2,"name":"Terapia do Adolescentes"}]},{"@type":"WebSite","@id":"https:\/\/www.psimarcooliveira.com\/#website","url":"https:\/\/www.psimarcooliveira.com\/","name":"Marco Oliveira","description":"Psic\u00f3logo Cl\u00ednico","publisher":{"@id":"https:\/\/www.psimarcooliveira.com\/#organization"},"potentialAction":[{"@type":"SearchAction","target":{"@type":"EntryPoint","urlTemplate":"https:\/\/www.psimarcooliveira.com\/?s={search_term_string}"},"query-input":{"@type":"PropertyValueSpecification","valueRequired":true,"valueName":"search_term_string"}}],"inLanguage":"pt-BR"},{"@type":"Organization","@id":"https:\/\/www.psimarcooliveira.com\/#organization","name":"Marco Oliveira","url":"https:\/\/www.psimarcooliveira.com\/","logo":{"@type":"ImageObject","inLanguage":"pt-BR","@id":"https:\/\/www.psimarcooliveira.com\/#\/schema\/logo\/image\/","url":"https:\/\/www.psimarcooliveira.com\/wp-content\/uploads\/2024\/11\/cropped-cropped-Marco-Oliveira-logo-6.png","contentUrl":"https:\/\/www.psimarcooliveira.com\/wp-content\/uploads\/2024\/11\/cropped-cropped-Marco-Oliveira-logo-6.png","width":349,"height":233,"caption":"Marco Oliveira"},"image":{"@id":"https:\/\/www.psimarcooliveira.com\/#\/schema\/logo\/image\/"}}]}},"jetpack_sharing_enabled":true,"jetpack-related-posts":[{"id":123,"url":"https:\/\/www.psimarcooliveira.com\/?page_id=123","url_meta":{"origin":121,"position":0},"title":"Psicologia do Adolescente","author":"admin","date":"04\/12\/2024","format":false,"excerpt":"Como funciona a consulta de Psicologia do Adolescente? Primeira Consulta O adolescente pode optar por entrar sozinho na sess\u00e3o, enquanto os pais aguardam e participam apenas no final. Nesta consulta inicial, \u00e9 criada uma conex\u00e3o terap\u00eautica, identificado o problema principal e planeada a avalia\u00e7\u00e3o necess\u00e1ria. Avalia\u00e7\u00e3o A avalia\u00e7\u00e3o aborda o\u2026","rel":"","context":"Post similar","block_context":{"text":"Post similar","link":""},"img":{"alt_text":"","src":"","width":0,"height":0},"classes":[]},{"id":53,"url":"https:\/\/www.psimarcooliveira.com\/?page_id=53","url_meta":{"origin":121,"position":1},"title":"Nossos Servi\u00e7os","author":"admin","date":"26\/11\/2024","format":false,"excerpt":"Adultos Adolescentes Psicologia da Imigra\u00e7\u00e3o Terapia de Casal Familia Coaching","rel":"","context":"Post similar","block_context":{"text":"Post similar","link":""},"img":{"alt_text":"","src":"","width":0,"height":0},"classes":[]},{"id":114,"url":"https:\/\/www.psimarcooliveira.com\/?page_id=114","url_meta":{"origin":121,"position":2},"title":"Psicologia Cl\u00ednica de Adultos","author":"admin","date":"04\/12\/2024","format":false,"excerpt":"Nem sempre \u00e9 f\u00e1cil entender como chegamos ao momento em que estamos. Os desafios que enfrentamos, seja na vida pessoal, profissional ou nos relacionamentos, muitas vezes parecem mais claros nos seus efeitos do que nas suas causas. Mas \u00e9 exatamente a\u00ed que a psicoterapia pode fazer toda a diferen\u00e7a. Na\u2026","rel":"","context":"Post similar","block_context":{"text":"Post similar","link":""},"img":{"alt_text":"","src":"https:\/\/i0.wp.com\/www.psimarcooliveira.com\/wp-content\/uploads\/2025\/06\/Psicologia-para-adultos.jpeg?resize=350%2C200&ssl=1","width":350,"height":200},"classes":[]},{"id":274,"url":"https:\/\/www.psimarcooliveira.com\/?page_id=274","url_meta":{"origin":121,"position":3},"title":"Terapia de Casal","author":"Marco Oliveira","date":"16\/06\/2025","format":false,"excerpt":"Reconstrua o Amor e a Harmonia na Rela\u00e7\u00e3o Os relacionamentos amorosos s\u00e3o, sem d\u00favida, uma das fontes mais ricas de alegria e crescimento pessoal, mas tamb\u00e9m podem ser desafiadores. Com o tempo, as exig\u00eancias familiares e profissionais, a rotina e um aparente arrefecimento de sentimentos podem gerar um distanciamento, fazendo\u2026","rel":"","context":"Post similar","block_context":{"text":"Post similar","link":""},"img":{"alt_text":"","src":"https:\/\/i0.wp.com\/www.psimarcooliveira.com\/wp-content\/uploads\/2025\/03\/img_1533-1.jpg?resize=350%2C200&ssl=1","width":350,"height":200},"classes":[]},{"id":57,"url":"https:\/\/www.psimarcooliveira.com\/?page_id=57","url_meta":{"origin":121,"position":4},"title":"Perguntas frequentes","author":"admin","date":"26\/11\/2024","format":false,"excerpt":"Como marcar uma consulta?\u00a0 A melhor forma de marcar uma consulta \u00e9 preencher o formul\u00e1rio e marcar um primeiro contacto ou pode enviar-me um e-mail (geral@psimarcooliveria.com). Sinta-se \u00e0 vontade para perguntar qualquer quest\u00e3o sobre a minha pr\u00e1tica. Lembre-se que se n\u00e3o obtiver uma resposta clara nesta fase cabe a mim,\u2026","rel":"","context":"Post similar","block_context":{"text":"Post similar","link":""},"img":{"alt_text":"","src":"","width":0,"height":0},"classes":[]},{"id":5,"url":"https:\/\/www.psimarcooliveira.com\/","url_meta":{"origin":121,"position":5},"title":"Home","author":"admin","date":"22\/11\/2024","format":false,"excerpt":"MARCO OLIVEIRA - Psicologia Cl\u00ednica COMO POSSO AJUDAR Descubra a mudan\u00e7a que voc\u00ea procura Nem sempre \u00e9 f\u00e1cil entender como chegamos ao momento em que estamos. Os desafios que enfrentamos, seja na vida pessoal, profissional ou nos relacionamentos, muitas vezes parecem mais claros nos seus efeitos do que nas suas\u2026","rel":"","context":"Post similar","block_context":{"text":"Post similar","link":""},"img":{"alt_text":"","src":"","width":0,"height":0},"classes":[]}],"_links":{"self":[{"href":"https:\/\/www.psimarcooliveira.com\/index.php?rest_route=\/wp\/v2\/pages\/121","targetHints":{"allow":["GET"]}}],"collection":[{"href":"https:\/\/www.psimarcooliveira.com\/index.php?rest_route=\/wp\/v2\/pages"}],"about":[{"href":"https:\/\/www.psimarcooliveira.com\/index.php?rest_route=\/wp\/v2\/types\/page"}],"author":[{"embeddable":true,"href":"https:\/\/www.psimarcooliveira.com\/index.php?rest_route=\/wp\/v2\/users\/1"}],"replies":[{"embeddable":true,"href":"https:\/\/www.psimarcooliveira.com\/index.php?rest_route=%2Fwp%2Fv2%2Fcomments&post=121"}],"version-history":[{"count":4,"href":"https:\/\/www.psimarcooliveira.com\/index.php?rest_route=\/wp\/v2\/pages\/121\/revisions"}],"predecessor-version":[{"id":346,"href":"https:\/\/www.psimarcooliveira.com\/index.php?rest_route=\/wp\/v2\/pages\/121\/revisions\/346"}],"wp:attachment":[{"href":"https:\/\/www.psimarcooliveira.com\/index.php?rest_route=%2Fwp%2Fv2%2Fmedia&parent=121"}],"curies":[{"name":"wp","href":"https:\/\/api.w.org\/{rel}","templated":true}]}}