{"id":114,"date":"2024-12-04T20:06:21","date_gmt":"2024-12-04T20:06:21","guid":{"rendered":"https:\/\/www.psimarcooliveira.com\/?page_id=114"},"modified":"2025-06-16T09:59:05","modified_gmt":"2025-06-16T09:59:05","slug":"terapia-de-adultos","status":"publish","type":"page","link":"https:\/\/www.psimarcooliveira.com\/?page_id=114","title":{"rendered":"Psicologia Cl\u00ednica de Adultos"},"content":{"rendered":"\n<p class=\"has-medium-font-size\">Nem sempre \u00e9 f\u00e1cil entender como chegamos ao momento em que estamos. Os desafios que enfrentamos, seja na vida pessoal, profissional ou nos relacionamentos, muitas vezes parecem mais claros nos seus efeitos do que nas suas causas. Mas \u00e9 exatamente a\u00ed que a psicoterapia pode fazer toda a diferen\u00e7a.<\/p>\n\n\n<div class=\"wp-block-image\">\n<figure class=\"aligncenter size-full is-resized\"><img loading=\"lazy\" decoding=\"async\" width=\"275\" height=\"183\" src=\"https:\/\/www.psimarcooliveira.com\/wp-content\/uploads\/2025\/06\/Psicologia-para-adultos.jpeg\" alt=\"\" class=\"wp-image-216\" style=\"width:406px;height:auto\"\/><\/figure>\n<\/div>\n\n\n<p class=\"has-medium-font-size\">Na minha pr\u00e1tica, cada pessoa \u00e9 \u00fanica e merece um atendimento personalizado. Juntos, revisitamos a sua hist\u00f3ria e identificamos os padr\u00f5es que podem estar a limitar o seu crescimento. Mais do que apenas compreender o que n\u00e3o est\u00e1 bem, trabalhamos lado a lado para construir ferramentas e estrat\u00e9gias que o ajudar\u00e3o a sair de um estado de dificuldade para um futuro mais promissor e equilibrado.<\/p>\n\n\n\n<p class=\"has-medium-font-size\">Combinando abordagens integrativas e pr\u00e1ticas, o meu objetivo \u00e9 que voc\u00ea comece a sentir mudan\u00e7as significativas desde as primeiras sess\u00f5es. Este \u00e9 um espa\u00e7o seguro, emp\u00e1tico e desafiador, onde podemos explorar solu\u00e7\u00f5es concretas para quest\u00f5es como ansiedade, <a href=\"https:\/\/www.psimarcooliveira.com\/?p=197\">Burnout<\/a>, conflitos interpessoais ou simplesmente o desejo de reencontrar o seu prop\u00f3sito.<\/p>\n\n\n\n<p class=\"has-medium-font-size\">Psicoterapia \u00e9 trabalho em equipe. \u00c9 o esfor\u00e7o conjunto entre cliente e terapeuta, onde cada passo \u00e9 discutido e planejado para atender \u00e0s suas necessidades e aspira\u00e7\u00f5es. A mudan\u00e7a n\u00e3o \u00e9 apenas poss\u00edvel, \u00e9 tang\u00edvel \u2013 e o caminho para ela come\u00e7a com o primeiro passo.<\/p>\n\n\n\n<p class=\"has-medium-font-size\"><strong>Permita-se descobrir o que est\u00e1 ao seu alcance e transforme os desafios de hoje nas conquistas de amanh\u00e3.<\/strong><\/p>\n\n\n\n<p><\/p>\n\n\n\n<h2 class=\"wp-block-heading\">Motivos para Terapia de Adultos<\/h2>\n\n\n\n<div class=\"wp-block-group\"><div class=\"wp-block-group__inner-container is-layout-constrained wp-block-group-is-layout-constrained\">\n<ul class=\"wp-block-list\">\n<li class=\"has-black-color has-text-color has-link-color has-medium-font-size wp-elements-d0aeb8deaa37fbb9a6e0c83c1f4367b0\"><a href=\"https:\/\/www.psimarcooliveira.com\/?p=175\">Luto<\/a><\/li>\n\n\n\n<li class=\"has-black-color has-text-color has-link-color has-medium-font-size wp-elements-0ab9160731f76c5c9b4fee7471a46afa\">Comportamentos adictoivos (dorgas, jogos, alcool, etc);<\/li>\n\n\n\n<li class=\"has-black-color has-text-color has-link-color has-medium-font-size wp-elements-fdea0f70683197ceb838ee3219040987\">Burnout<\/li>\n\n\n\n<li class=\"has-black-color has-text-color has-link-color has-medium-font-size wp-elements-33ebbf3c685758ef9e3c4d6b49d83e20\">Ansiedade<\/li>\n\n\n\n<li class=\"has-black-color has-text-color has-link-color has-medium-font-size wp-elements-7521f74b7a10510b510cf2a77b523f8d\">Depress\u00e3o<\/li>\n\n\n\n<li class=\"has-black-color has-text-color has-link-color has-medium-font-size wp-elements-af80e26248c8220e25d6bb3bbc77ab16\">Conflitos interpessoais<\/li>\n\n\n\n<li class=\"has-black-color has-text-color has-link-color has-medium-font-size wp-elements-f7a01aaef0b4cd0366d1eb6ba119376e\">Fobias<\/li>\n\n\n\n<li class=\"has-black-color has-text-color has-link-color has-medium-font-size wp-elements-ddeb3d0ff864482c6aac48c734b6cfb4\">Acontecimentos de vida (desemprego, div\u00f3rcio, <a href=\"https:\/\/www.psimarcooliveira.com\/?page_id=157\">imigra\u00e7\u00e3o<\/a>, doen\u00e7as, etc.);<\/li>\n\n\n\n<li class=\"has-black-color has-text-color has-link-color has-medium-font-size wp-elements-dff3d6d86f1637c2d322d23e17a3d92e\">Traumas<\/li>\n\n\n\n<li class=\"has-black-color has-text-color has-link-color has-medium-font-size wp-elements-d0633c06c5eb6731f98fa72e5f2d8d86\">Dist\u00farbio alimentares<\/li>\n\n\n\n<li class=\"has-black-color has-text-color has-link-color has-medium-font-size wp-elements-4de8a9d4e0082ee9145069c19b568188\">Realiza\u00e7\u00e3o pessoal<\/li>\n\n\n\n<li class=\"has-black-color has-text-color has-link-color has-medium-font-size wp-elements-757a5d19718d4478f18d6284a202e004\">Outros.<\/li>\n<\/ul>\n\n\n\n<p><\/p>\n<\/div><\/div>\n","protected":false},"excerpt":{"rendered":"<p>Nem sempre \u00e9 f\u00e1cil entender como chegamos ao momento em que estamos. Os desafios que enfrentamos, seja na vida pessoal, profissional ou nos relacionamentos, muitas vezes parecem mais claros nos seus efeitos do que nas suas causas. Mas \u00e9 exatamente a\u00ed que a psicoterapia pode fazer toda a diferen\u00e7a. Na minha pr\u00e1tica, cada pessoa \u00e9&#8230;<\/p>\n<p class=\"more-link\"><a href=\"https:\/\/www.psimarcooliveira.com\/?page_id=114\"><span>Read More<\/span><i>&#43;<\/i><\/a><\/p>\n","protected":false},"author":1,"featured_media":216,"parent":0,"menu_order":0,"comment_status":"closed","ping_status":"closed","template":"","meta":{"_monsterinsights_skip_tracking":false,"_monsterinsights_sitenote_active":false,"_monsterinsights_sitenote_note":"","_monsterinsights_sitenote_category":0,"footnotes":""},"class_list":["post-114","page","type-page","status-publish","has-post-thumbnail","hentry"],"yoast_head":"<!-- This site is optimized with the Yoast SEO plugin v27.6 - https:\/\/yoast.com\/product\/yoast-seo-wordpress\/ -->\n<title>Psicologia Cl\u00ednica de Adultos - Marco Oliveira<\/title>\n<meta name=\"description\" content=\"Psicologia para adultos \u00e9 trabalho em equipe. \u00c9 o esfor\u00e7o conjunto entre cliente e terapeuta, onde cada passo \u00e9 discutido e planejado\" \/>\n<meta name=\"robots\" content=\"index, follow, max-snippet:-1, max-image-preview:large, max-video-preview:-1\" \/>\n<link rel=\"canonical\" href=\"https:\/\/www.psimarcooliveira.com\/?page_id=114\" \/>\n<meta property=\"og:locale\" content=\"pt_BR\" \/>\n<meta property=\"og:type\" content=\"article\" \/>\n<meta property=\"og:title\" content=\"Psicologia Cl\u00ednica de Adultos - Marco Oliveira\" \/>\n<meta property=\"og:description\" content=\"Psicologia para adultos \u00e9 trabalho em equipe. \u00c9 o esfor\u00e7o conjunto entre cliente e terapeuta, onde cada passo \u00e9 discutido e planejado\" \/>\n<meta property=\"og:url\" content=\"https:\/\/www.psimarcooliveira.com\/?page_id=114\" \/>\n<meta property=\"og:site_name\" content=\"Marco Oliveira\" \/>\n<meta property=\"article:modified_time\" content=\"2025-06-16T09:59:05+00:00\" \/>\n<meta property=\"og:image\" content=\"https:\/\/www.psimarcooliveira.com\/wp-content\/uploads\/2025\/06\/Psicologia-para-adultos.jpeg\" \/>\n\t<meta property=\"og:image:width\" content=\"275\" \/>\n\t<meta property=\"og:image:height\" content=\"183\" \/>\n\t<meta property=\"og:image:type\" content=\"image\/jpeg\" \/>\n<meta name=\"twitter:card\" content=\"summary_large_image\" \/>\n<meta name=\"twitter:label1\" content=\"Est. tempo de leitura\" \/>\n\t<meta name=\"twitter:data1\" content=\"2 minutos\" \/>\n<script type=\"application\/ld+json\" class=\"yoast-schema-graph\">{\"@context\":\"https:\\\/\\\/schema.org\",\"@graph\":[{\"@type\":\"WebPage\",\"@id\":\"https:\\\/\\\/www.psimarcooliveira.com\\\/?page_id=114\",\"url\":\"https:\\\/\\\/www.psimarcooliveira.com\\\/?page_id=114\",\"name\":\"Psicologia Cl\u00ednica de Adultos - Marco Oliveira\",\"isPartOf\":{\"@id\":\"https:\\\/\\\/www.psimarcooliveira.com\\\/#website\"},\"primaryImageOfPage\":{\"@id\":\"https:\\\/\\\/www.psimarcooliveira.com\\\/?page_id=114#primaryimage\"},\"image\":{\"@id\":\"https:\\\/\\\/www.psimarcooliveira.com\\\/?page_id=114#primaryimage\"},\"thumbnailUrl\":\"https:\\\/\\\/www.psimarcooliveira.com\\\/wp-content\\\/uploads\\\/2025\\\/06\\\/Psicologia-para-adultos.jpeg\",\"datePublished\":\"2024-12-04T20:06:21+00:00\",\"dateModified\":\"2025-06-16T09:59:05+00:00\",\"description\":\"Psicologia para adultos \u00e9 trabalho em equipe. \u00c9 o esfor\u00e7o conjunto entre cliente e terapeuta, onde cada passo \u00e9 discutido e planejado\",\"breadcrumb\":{\"@id\":\"https:\\\/\\\/www.psimarcooliveira.com\\\/?page_id=114#breadcrumb\"},\"inLanguage\":\"pt-BR\",\"potentialAction\":[{\"@type\":\"ReadAction\",\"target\":[\"https:\\\/\\\/www.psimarcooliveira.com\\\/?page_id=114\"]}]},{\"@type\":\"ImageObject\",\"inLanguage\":\"pt-BR\",\"@id\":\"https:\\\/\\\/www.psimarcooliveira.com\\\/?page_id=114#primaryimage\",\"url\":\"https:\\\/\\\/www.psimarcooliveira.com\\\/wp-content\\\/uploads\\\/2025\\\/06\\\/Psicologia-para-adultos.jpeg\",\"contentUrl\":\"https:\\\/\\\/www.psimarcooliveira.com\\\/wp-content\\\/uploads\\\/2025\\\/06\\\/Psicologia-para-adultos.jpeg\",\"width\":275,\"height\":183},{\"@type\":\"BreadcrumbList\",\"@id\":\"https:\\\/\\\/www.psimarcooliveira.com\\\/?page_id=114#breadcrumb\",\"itemListElement\":[{\"@type\":\"ListItem\",\"position\":1,\"name\":\"In\u00edcio\",\"item\":\"https:\\\/\\\/www.psimarcooliveira.com\\\/\"},{\"@type\":\"ListItem\",\"position\":2,\"name\":\"Psicologia Cl\u00ednica de Adultos\"}]},{\"@type\":\"WebSite\",\"@id\":\"https:\\\/\\\/www.psimarcooliveira.com\\\/#website\",\"url\":\"https:\\\/\\\/www.psimarcooliveira.com\\\/\",\"name\":\"Marco Oliveira\",\"description\":\"Psic\u00f3logo Cl\u00ednico\",\"publisher\":{\"@id\":\"https:\\\/\\\/www.psimarcooliveira.com\\\/#organization\"},\"potentialAction\":[{\"@type\":\"SearchAction\",\"target\":{\"@type\":\"EntryPoint\",\"urlTemplate\":\"https:\\\/\\\/www.psimarcooliveira.com\\\/?s={search_term_string}\"},\"query-input\":{\"@type\":\"PropertyValueSpecification\",\"valueRequired\":true,\"valueName\":\"search_term_string\"}}],\"inLanguage\":\"pt-BR\"},{\"@type\":\"Organization\",\"@id\":\"https:\\\/\\\/www.psimarcooliveira.com\\\/#organization\",\"name\":\"Marco Oliveira\",\"url\":\"https:\\\/\\\/www.psimarcooliveira.com\\\/\",\"logo\":{\"@type\":\"ImageObject\",\"inLanguage\":\"pt-BR\",\"@id\":\"https:\\\/\\\/www.psimarcooliveira.com\\\/#\\\/schema\\\/logo\\\/image\\\/\",\"url\":\"https:\\\/\\\/www.psimarcooliveira.com\\\/wp-content\\\/uploads\\\/2024\\\/11\\\/cropped-cropped-Marco-Oliveira-logo-6.png\",\"contentUrl\":\"https:\\\/\\\/www.psimarcooliveira.com\\\/wp-content\\\/uploads\\\/2024\\\/11\\\/cropped-cropped-Marco-Oliveira-logo-6.png\",\"width\":349,\"height\":233,\"caption\":\"Marco Oliveira\"},\"image\":{\"@id\":\"https:\\\/\\\/www.psimarcooliveira.com\\\/#\\\/schema\\\/logo\\\/image\\\/\"}}]}<\/script>\n<!-- \/ Yoast SEO plugin. -->","yoast_head_json":{"title":"Psicologia Cl\u00ednica de Adultos - Marco Oliveira","description":"Psicologia para adultos \u00e9 trabalho em equipe. \u00c9 o esfor\u00e7o conjunto entre cliente e terapeuta, onde cada passo \u00e9 discutido e planejado","robots":{"index":"index","follow":"follow","max-snippet":"max-snippet:-1","max-image-preview":"max-image-preview:large","max-video-preview":"max-video-preview:-1"},"canonical":"https:\/\/www.psimarcooliveira.com\/?page_id=114","og_locale":"pt_BR","og_type":"article","og_title":"Psicologia Cl\u00ednica de Adultos - Marco Oliveira","og_description":"Psicologia para adultos \u00e9 trabalho em equipe. \u00c9 o esfor\u00e7o conjunto entre cliente e terapeuta, onde cada passo \u00e9 discutido e planejado","og_url":"https:\/\/www.psimarcooliveira.com\/?page_id=114","og_site_name":"Marco Oliveira","article_modified_time":"2025-06-16T09:59:05+00:00","og_image":[{"width":275,"height":183,"url":"https:\/\/www.psimarcooliveira.com\/wp-content\/uploads\/2025\/06\/Psicologia-para-adultos.jpeg","type":"image\/jpeg"}],"twitter_card":"summary_large_image","twitter_misc":{"Est. tempo de leitura":"2 minutos"},"schema":{"@context":"https:\/\/schema.org","@graph":[{"@type":"WebPage","@id":"https:\/\/www.psimarcooliveira.com\/?page_id=114","url":"https:\/\/www.psimarcooliveira.com\/?page_id=114","name":"Psicologia Cl\u00ednica de Adultos - Marco Oliveira","isPartOf":{"@id":"https:\/\/www.psimarcooliveira.com\/#website"},"primaryImageOfPage":{"@id":"https:\/\/www.psimarcooliveira.com\/?page_id=114#primaryimage"},"image":{"@id":"https:\/\/www.psimarcooliveira.com\/?page_id=114#primaryimage"},"thumbnailUrl":"https:\/\/www.psimarcooliveira.com\/wp-content\/uploads\/2025\/06\/Psicologia-para-adultos.jpeg","datePublished":"2024-12-04T20:06:21+00:00","dateModified":"2025-06-16T09:59:05+00:00","description":"Psicologia para adultos \u00e9 trabalho em equipe. \u00c9 o esfor\u00e7o conjunto entre cliente e terapeuta, onde cada passo \u00e9 discutido e planejado","breadcrumb":{"@id":"https:\/\/www.psimarcooliveira.com\/?page_id=114#breadcrumb"},"inLanguage":"pt-BR","potentialAction":[{"@type":"ReadAction","target":["https:\/\/www.psimarcooliveira.com\/?page_id=114"]}]},{"@type":"ImageObject","inLanguage":"pt-BR","@id":"https:\/\/www.psimarcooliveira.com\/?page_id=114#primaryimage","url":"https:\/\/www.psimarcooliveira.com\/wp-content\/uploads\/2025\/06\/Psicologia-para-adultos.jpeg","contentUrl":"https:\/\/www.psimarcooliveira.com\/wp-content\/uploads\/2025\/06\/Psicologia-para-adultos.jpeg","width":275,"height":183},{"@type":"BreadcrumbList","@id":"https:\/\/www.psimarcooliveira.com\/?page_id=114#breadcrumb","itemListElement":[{"@type":"ListItem","position":1,"name":"In\u00edcio","item":"https:\/\/www.psimarcooliveira.com\/"},{"@type":"ListItem","position":2,"name":"Psicologia Cl\u00ednica de Adultos"}]},{"@type":"WebSite","@id":"https:\/\/www.psimarcooliveira.com\/#website","url":"https:\/\/www.psimarcooliveira.com\/","name":"Marco Oliveira","description":"Psic\u00f3logo Cl\u00ednico","publisher":{"@id":"https:\/\/www.psimarcooliveira.com\/#organization"},"potentialAction":[{"@type":"SearchAction","target":{"@type":"EntryPoint","urlTemplate":"https:\/\/www.psimarcooliveira.com\/?s={search_term_string}"},"query-input":{"@type":"PropertyValueSpecification","valueRequired":true,"valueName":"search_term_string"}}],"inLanguage":"pt-BR"},{"@type":"Organization","@id":"https:\/\/www.psimarcooliveira.com\/#organization","name":"Marco Oliveira","url":"https:\/\/www.psimarcooliveira.com\/","logo":{"@type":"ImageObject","inLanguage":"pt-BR","@id":"https:\/\/www.psimarcooliveira.com\/#\/schema\/logo\/image\/","url":"https:\/\/www.psimarcooliveira.com\/wp-content\/uploads\/2024\/11\/cropped-cropped-Marco-Oliveira-logo-6.png","contentUrl":"https:\/\/www.psimarcooliveira.com\/wp-content\/uploads\/2024\/11\/cropped-cropped-Marco-Oliveira-logo-6.png","width":349,"height":233,"caption":"Marco Oliveira"},"image":{"@id":"https:\/\/www.psimarcooliveira.com\/#\/schema\/logo\/image\/"}}]}},"jetpack_sharing_enabled":true,"jetpack-related-posts":[{"id":57,"url":"https:\/\/www.psimarcooliveira.com\/?page_id=57","url_meta":{"origin":114,"position":0},"title":"Perguntas frequentes","author":"admin","date":"26\/11\/2024","format":false,"excerpt":"Como marcar uma consulta?\u00a0 A melhor forma de marcar uma consulta \u00e9 preencher o formul\u00e1rio e marcar um primeiro contacto ou pode enviar-me um e-mail (geral@psimarcooliveria.com). Sinta-se \u00e0 vontade para perguntar qualquer quest\u00e3o sobre a minha pr\u00e1tica. Lembre-se que se n\u00e3o obtiver uma resposta clara nesta fase cabe a mim,\u2026","rel":"","context":"Post similar","block_context":{"text":"Post similar","link":""},"img":{"alt_text":"","src":"","width":0,"height":0},"classes":[]},{"id":121,"url":"https:\/\/www.psimarcooliveira.com\/?page_id=121","url_meta":{"origin":114,"position":1},"title":"Terapia do Adolescentes","author":"admin","date":"04\/12\/2024","format":false,"excerpt":"Na terapia para adolescentes, voc\u00ea encontra um espa\u00e7o seguro e acolhedor, longe das press\u00f5es do dia a dia, onde pode falar abertamente sobre o que sente e pensa. Ao mesmo tempo, seus pais podem ficar tranquilos, sabendo que voc\u00ea est\u00e1 recebendo apoio profissional e n\u00e3o est\u00e1 enfrentando os desafios sozinho(a),\u2026","rel":"","context":"Post similar","block_context":{"text":"Post similar","link":""},"img":{"alt_text":"","src":"","width":0,"height":0},"classes":[]},{"id":274,"url":"https:\/\/www.psimarcooliveira.com\/?page_id=274","url_meta":{"origin":114,"position":2},"title":"Terapia de Casal","author":"Marco Oliveira","date":"16\/06\/2025","format":false,"excerpt":"Reconstrua o Amor e a Harmonia na Rela\u00e7\u00e3o Os relacionamentos amorosos s\u00e3o, sem d\u00favida, uma das fontes mais ricas de alegria e crescimento pessoal, mas tamb\u00e9m podem ser desafiadores. Com o tempo, as exig\u00eancias familiares e profissionais, a rotina e um aparente arrefecimento de sentimentos podem gerar um distanciamento, fazendo\u2026","rel":"","context":"Post similar","block_context":{"text":"Post similar","link":""},"img":{"alt_text":"","src":"https:\/\/i0.wp.com\/www.psimarcooliveira.com\/wp-content\/uploads\/2025\/03\/img_1533-1.jpg?resize=350%2C200&ssl=1","width":350,"height":200},"classes":[]},{"id":240,"url":"https:\/\/www.psimarcooliveira.com\/?page_id=240","url_meta":{"origin":114,"position":3},"title":"Pol\u00edtica de Prote\u00e7\u00e3o de Dados","author":"admin","date":"12\/06\/2025","format":false,"excerpt":"Quem somos O endere\u00e7o do nosso site \u00e9: https:\/\/www.psimarcooliveira.comA propriet\u00e1ria deste site \u00e9 Marco C\u00e9sar de Oliveira.A nossa morada \u00e9 Rua C\u00e2ndido de Oliveira, 148 - 2785-361 Penedo - S\u00e3o Domingos de Rana \u00c2mbito da nossa Pol\u00edtica de Privacidade A presente pol\u00edtica de privacidade abrange este s\u00edtio de internet.O https:\/\/www.psimarcooliveira.com\u2026","rel":"","context":"Post similar","block_context":{"text":"Post similar","link":""},"img":{"alt_text":"","src":"","width":0,"height":0},"classes":[]},{"id":5,"url":"https:\/\/www.psimarcooliveira.com\/","url_meta":{"origin":114,"position":4},"title":"Home","author":"admin","date":"22\/11\/2024","format":false,"excerpt":"MARCO OLIVEIRA - Psicologia Cl\u00ednica COMO POSSO AJUDAR Descubra a mudan\u00e7a que voc\u00ea procura Nem sempre \u00e9 f\u00e1cil entender como chegamos ao momento em que estamos. Os desafios que enfrentamos, seja na vida pessoal, profissional ou nos relacionamentos, muitas vezes parecem mais claros nos seus efeitos do que nas suas\u2026","rel":"","context":"Post similar","block_context":{"text":"Post similar","link":""},"img":{"alt_text":"","src":"","width":0,"height":0},"classes":[]},{"id":157,"url":"https:\/\/www.psimarcooliveira.com\/?page_id=157","url_meta":{"origin":114,"position":5},"title":"Psicologia da Imigra\u00e7\u00e3o","author":"Marco Oliveira","date":"28\/02\/2025","format":false,"excerpt":"Imigra\u00e7\u00e3o e sa\u00fade mental: como identificar e agir Viver fora do pa\u00eds de origem pode ser um sonho \u2014 mas tamb\u00e9m traz desafios emocionais. A sa\u00fade mental na imigra\u00e7\u00e3o \u00e9 um tema cada vez mais falado, e por boas raz\u00f5es. O afastamento da fam\u00edlia, as mudan\u00e7as culturais e a sensa\u00e7\u00e3o\u2026","rel":"","context":"Post similar","block_context":{"text":"Post similar","link":""},"img":{"alt_text":"","src":"","width":0,"height":0},"classes":[]}],"_links":{"self":[{"href":"https:\/\/www.psimarcooliveira.com\/index.php?rest_route=\/wp\/v2\/pages\/114","targetHints":{"allow":["GET"]}}],"collection":[{"href":"https:\/\/www.psimarcooliveira.com\/index.php?rest_route=\/wp\/v2\/pages"}],"about":[{"href":"https:\/\/www.psimarcooliveira.com\/index.php?rest_route=\/wp\/v2\/types\/page"}],"author":[{"embeddable":true,"href":"https:\/\/www.psimarcooliveira.com\/index.php?rest_route=\/wp\/v2\/users\/1"}],"replies":[{"embeddable":true,"href":"https:\/\/www.psimarcooliveira.com\/index.php?rest_route=%2Fwp%2Fv2%2Fcomments&post=114"}],"version-history":[{"count":4,"href":"https:\/\/www.psimarcooliveira.com\/index.php?rest_route=\/wp\/v2\/pages\/114\/revisions"}],"predecessor-version":[{"id":267,"href":"https:\/\/www.psimarcooliveira.com\/index.php?rest_route=\/wp\/v2\/pages\/114\/revisions\/267"}],"wp:featuredmedia":[{"embeddable":true,"href":"https:\/\/www.psimarcooliveira.com\/index.php?rest_route=\/wp\/v2\/media\/216"}],"wp:attachment":[{"href":"https:\/\/www.psimarcooliveira.com\/index.php?rest_route=%2Fwp%2Fv2%2Fmedia&parent=114"}],"curies":[{"name":"wp","href":"https:\/\/api.w.org\/{rel}","templated":true}]}}